{"id":724,"date":"2025-09-20T23:35:16","date_gmt":"2025-09-20T23:35:16","guid":{"rendered":"https:\/\/nsimshop.pl\/?post_type=product&#038;p=724"},"modified":"2026-04-09T14:39:47","modified_gmt":"2026-04-09T14:39:47","slug":"skrzynia-sekwencyjna-z-mocowaniem-do-riga-nsim","status":"publish","type":"product","link":"https:\/\/nsimshop.pl\/index.php\/produkt\/skrzynia-sekwencyjna-z-mocowaniem-do-riga-nsim\/","title":{"rendered":"Skrzynia sekwencyjna do riga NSIM"},"content":{"rendered":"<p><strong>Dopasowana spr\u0119\u017cyna \u2013 pe\u0142en realizm i stabilno\u015b\u0107 w ka\u017cdej konfiguracji<\/strong><\/p>\n<p>Wersja z mocowaniem do riga wyposa\u017cona jest w mocniejsz\u0105 spr\u0119\u017cyn\u0119, kt\u00f3ra zapewnia bardziej wyrazisty op\u00f3r i jeszcze wi\u0119ksze wra\u017cenie realizmu.<\/p>\n<p><img loading=\"lazy\" decoding=\"async\" class=\"alignnone wp-image-731\" style=\"font-weight: inherit;\" src=\"http:\/\/nsimshop.pl\/wp-content\/uploads\/2025\/09\/Seq-Rig-Front-300x300.webp\" alt=\"\" width=\"400\" height=\"400\" srcset=\"https:\/\/nsimshop.pl\/wp-content\/uploads\/2025\/09\/Seq-Rig-Front-300x300.webp 300w, https:\/\/nsimshop.pl\/wp-content\/uploads\/2025\/09\/Seq-Rig-Front-1024x1024.webp 1024w, https:\/\/nsimshop.pl\/wp-content\/uploads\/2025\/09\/Seq-Rig-Front-150x150.webp 150w, https:\/\/nsimshop.pl\/wp-content\/uploads\/2025\/09\/Seq-Rig-Front-768x768.webp 768w, https:\/\/nsimshop.pl\/wp-content\/uploads\/2025\/09\/Seq-Rig-Front-1536x1536.webp 1536w, https:\/\/nsimshop.pl\/wp-content\/uploads\/2025\/09\/Seq-Rig-Front-400x400.webp 400w, https:\/\/nsimshop.pl\/wp-content\/uploads\/2025\/09\/Seq-Rig-Front-600x600.webp 600w, https:\/\/nsimshop.pl\/wp-content\/uploads\/2025\/09\/Seq-Rig-Front-100x100.webp 100w, https:\/\/nsimshop.pl\/wp-content\/uploads\/2025\/09\/Seq-Rig-Front.webp 2000w\" sizes=\"auto, (max-width: 400px) 100vw, 400px\" \/><\/p>\n<p><b>Realistyczny feeling<\/b><\/p>\n<p>Urz\u0105dzenie zosta\u0142o zaprojektowane z my\u015bl\u0105 o zapewnieniu graczowi wysokiego poziomu immersji. Nieliniowy op\u00f3r dr\u0105\u017cka umo\u017cliwia precyzyjne odczuwanie momentu zmiany biegu. D\u017awignia szybko powraca do pozycji wyj\u015bciowej, co pozwala na natychmiastow\u0105 redukcj\u0119 bieg\u00f3w w razie potrzeby.<\/p>\n<p>Shifter pracuje cicho dzi\u0119ki zastosowaniu silikonowych odbojnik\u00f3w, kt\u00f3re skutecznie redukuj\u0105 ha\u0142as podczas zmiany bieg\u00f3w, zapewniaj\u0105c bardziej komfortowe u\u017cytkowanie.<\/p>\n<p><img loading=\"lazy\" decoding=\"async\" class=\"alignnone wp-image-732\" style=\"font-style: inherit; font-weight: inherit;\" src=\"http:\/\/nsimshop.pl\/wp-content\/uploads\/2025\/09\/Seq-Rig-Partss-300x300.webp\" alt=\"\" width=\"400\" height=\"400\" srcset=\"https:\/\/nsimshop.pl\/wp-content\/uploads\/2025\/09\/Seq-Rig-Partss-300x300.webp 300w, https:\/\/nsimshop.pl\/wp-content\/uploads\/2025\/09\/Seq-Rig-Partss-1024x1024.webp 1024w, https:\/\/nsimshop.pl\/wp-content\/uploads\/2025\/09\/Seq-Rig-Partss-150x150.webp 150w, https:\/\/nsimshop.pl\/wp-content\/uploads\/2025\/09\/Seq-Rig-Partss-768x768.webp 768w, https:\/\/nsimshop.pl\/wp-content\/uploads\/2025\/09\/Seq-Rig-Partss-1536x1536.webp 1536w, https:\/\/nsimshop.pl\/wp-content\/uploads\/2025\/09\/Seq-Rig-Partss-400x400.webp 400w, https:\/\/nsimshop.pl\/wp-content\/uploads\/2025\/09\/Seq-Rig-Partss-600x600.webp 600w, https:\/\/nsimshop.pl\/wp-content\/uploads\/2025\/09\/Seq-Rig-Partss-100x100.webp 100w, https:\/\/nsimshop.pl\/wp-content\/uploads\/2025\/09\/Seq-Rig-Partss.webp 2000w\" sizes=\"auto, (max-width: 400px) 100vw, 400px\" \/><\/p>\n<p><b>Regulacja oporu<\/b><\/p>\n<p>Shifter wyposa\u017cony jest w mo\u017cliwo\u015b\u0107 regulacji oporu zmiany bieg\u00f3w, co pozwala na dostosowanie go do indywidualnych preferencji u\u017cytkownika. Regulacja odbywa si\u0119 za pomoc\u0105 \u015bruby (imbus 3 mm) umieszczonej na spodzie urz\u0105dzenia.<\/p>\n<p><img loading=\"lazy\" decoding=\"async\" class=\"alignnone wp-image-735\" src=\"http:\/\/nsimshop.pl\/wp-content\/uploads\/2025\/09\/Seq-Rig-Adjust-300x300.webp\" alt=\"\" width=\"400\" height=\"400\" srcset=\"https:\/\/nsimshop.pl\/wp-content\/uploads\/2025\/09\/Seq-Rig-Adjust-300x300.webp 300w, https:\/\/nsimshop.pl\/wp-content\/uploads\/2025\/09\/Seq-Rig-Adjust-1024x1024.webp 1024w, https:\/\/nsimshop.pl\/wp-content\/uploads\/2025\/09\/Seq-Rig-Adjust-150x150.webp 150w, https:\/\/nsimshop.pl\/wp-content\/uploads\/2025\/09\/Seq-Rig-Adjust-768x768.webp 768w, https:\/\/nsimshop.pl\/wp-content\/uploads\/2025\/09\/Seq-Rig-Adjust-1536x1536.webp 1536w, https:\/\/nsimshop.pl\/wp-content\/uploads\/2025\/09\/Seq-Rig-Adjust-400x400.webp 400w, https:\/\/nsimshop.pl\/wp-content\/uploads\/2025\/09\/Seq-Rig-Adjust-600x600.webp 600w, https:\/\/nsimshop.pl\/wp-content\/uploads\/2025\/09\/Seq-Rig-Adjust-100x100.webp 100w, https:\/\/nsimshop.pl\/wp-content\/uploads\/2025\/09\/Seq-Rig-Adjust.webp 2000w\" sizes=\"auto, (max-width: 400px) 100vw, 400px\" \/><\/p>\n<p><b>Wymienna ga\u0142ka<\/b><\/p>\n<p>Je\u017celi nie spodoba Ci si\u0119 feeling ga\u0142ki, kt\u00f3ra oryginalnie jest w zestawie, bez problemu b\u0119dziesz m\u00f3g\u0142 zamontowa\u0107 inn\u0105 z gwintem M8, wymiana jest bardzo prosta, zajmie maksymalnie 20 sekund.<\/p>\n<p><img loading=\"lazy\" decoding=\"async\" class=\"alignnone wp-image-730\" src=\"http:\/\/nsimshop.pl\/wp-content\/uploads\/2025\/09\/Seq-Back-Rig-300x300.webp\" alt=\"\" width=\"400\" height=\"400\" srcset=\"https:\/\/nsimshop.pl\/wp-content\/uploads\/2025\/09\/Seq-Back-Rig-300x300.webp 300w, https:\/\/nsimshop.pl\/wp-content\/uploads\/2025\/09\/Seq-Back-Rig-1024x1024.webp 1024w, https:\/\/nsimshop.pl\/wp-content\/uploads\/2025\/09\/Seq-Back-Rig-150x150.webp 150w, https:\/\/nsimshop.pl\/wp-content\/uploads\/2025\/09\/Seq-Back-Rig-768x768.webp 768w, https:\/\/nsimshop.pl\/wp-content\/uploads\/2025\/09\/Seq-Back-Rig-1536x1536.webp 1536w, https:\/\/nsimshop.pl\/wp-content\/uploads\/2025\/09\/Seq-Back-Rig-400x400.webp 400w, https:\/\/nsimshop.pl\/wp-content\/uploads\/2025\/09\/Seq-Back-Rig-600x600.webp 600w, https:\/\/nsimshop.pl\/wp-content\/uploads\/2025\/09\/Seq-Back-Rig-100x100.webp 100w, https:\/\/nsimshop.pl\/wp-content\/uploads\/2025\/09\/Seq-Back-Rig.webp 2000w\" sizes=\"auto, (max-width: 400px) 100vw, 400px\" \/><\/p>\n<p><b>Czujnik Halla<\/b><\/p>\n<p>Czujnik Halla zastosowany w skrzynii zapewnia wysok\u0105 precyzj\u0119 i niezawodno\u015b\u0107 dzia\u0142ania. Dzi\u0119ki bezstykowej technologii, czujnik rejestruje po\u0142o\u017cenie d\u017awigni z du\u017c\u0105 dok\u0142adno\u015bci\u0105, eliminuj\u0105c zu\u017cycie mechaniczne i zwi\u0119kszaj\u0105c trwa\u0142o\u015b\u0107 urz\u0105dzenia.<\/p>\n<p><img loading=\"lazy\" decoding=\"async\" class=\"alignnone wp-image-658\" src=\"http:\/\/nsimshop.pl\/wp-content\/uploads\/2025\/08\/Hall-Sensor-300x252.webp\" alt=\"\" width=\"400\" height=\"336\" srcset=\"https:\/\/nsimshop.pl\/wp-content\/uploads\/2025\/08\/Hall-Sensor-300x252.webp 300w, https:\/\/nsimshop.pl\/wp-content\/uploads\/2025\/08\/Hall-Sensor-1024x860.webp 1024w, https:\/\/nsimshop.pl\/wp-content\/uploads\/2025\/08\/Hall-Sensor-768x645.webp 768w, https:\/\/nsimshop.pl\/wp-content\/uploads\/2025\/08\/Hall-Sensor-400x336.webp 400w, https:\/\/nsimshop.pl\/wp-content\/uploads\/2025\/08\/Hall-Sensor-600x504.webp 600w, https:\/\/nsimshop.pl\/wp-content\/uploads\/2025\/08\/Hall-Sensor.webp 1278w\" sizes=\"auto, (max-width: 400px) 100vw, 400px\" \/><\/p>\n<p><strong>Kompatybilno\u015b\u0107 i monta\u017c<\/strong><\/p>\n<p>Shifter jest w pe\u0142ni kompatybilny z komputerem PC \u2013 po pod\u0142\u0105czeniu przez USB zostaje automatycznie wykryty jako urz\u0105dzenie \u201eSequential\u201d, dzi\u0119ki czemu mo\u017cna od razu rozpocz\u0105\u0107 gr\u0119. Urz\u0105dzenie wsp\u00f3\u0142pracuje z wi\u0119kszo\u015bci\u0105 popularnych gier wy\u015bcigowych, m.in. <strong data-start=\"348\" data-end=\"394\">Assetto Corsa, Forza Horizon 5, Dirt Rally<\/strong> i wiele innych. Kabel USB ma d\u0142ugo\u015b\u0107 <strong data-start=\"432\" data-end=\"441\">1,8 m<\/strong>.<\/p>\n<p>Shifter mo\u017cna zamocowa\u0107 do riga na dwa sposoby:<\/p>\n<ul data-start=\"496\" data-end=\"708\">\n<li data-start=\"496\" data-end=\"620\"><strong data-start=\"498\" data-end=\"517\">Monta\u017c od spodu<\/strong> \u2013 przy u\u017cyciu dw\u00f3ch \u015brub M5 (rozstaw 50 mm, d\u0142ugo\u015b\u0107: 25 mm + grubo\u015b\u0107 elementu, do kt\u00f3rego mocujemy).<\/li>\n<li data-start=\"621\" data-end=\"708\"><strong data-start=\"623\" data-end=\"641\">Monta\u017c od g\u00f3ry<\/strong> \u2013 przy u\u017cyciu \u015brub o maksymalnej \u015brednicy 6 mm (rozstaw 115 mm).<\/li>\n<\/ul>\n<p><img loading=\"lazy\" decoding=\"async\" class=\"alignnone wp-image-727\" src=\"http:\/\/nsimshop.pl\/wp-content\/uploads\/2025\/09\/Bottom-screws-300x300.webp\" alt=\"\" width=\"400\" height=\"400\" srcset=\"https:\/\/nsimshop.pl\/wp-content\/uploads\/2025\/09\/Bottom-screws-300x300.webp 300w, https:\/\/nsimshop.pl\/wp-content\/uploads\/2025\/09\/Bottom-screws-1024x1024.webp 1024w, https:\/\/nsimshop.pl\/wp-content\/uploads\/2025\/09\/Bottom-screws-150x150.webp 150w, https:\/\/nsimshop.pl\/wp-content\/uploads\/2025\/09\/Bottom-screws-768x768.webp 768w, https:\/\/nsimshop.pl\/wp-content\/uploads\/2025\/09\/Bottom-screws-1536x1536.webp 1536w, https:\/\/nsimshop.pl\/wp-content\/uploads\/2025\/09\/Bottom-screws-400x400.webp 400w, https:\/\/nsimshop.pl\/wp-content\/uploads\/2025\/09\/Bottom-screws-600x600.webp 600w, https:\/\/nsimshop.pl\/wp-content\/uploads\/2025\/09\/Bottom-screws-100x100.webp 100w, https:\/\/nsimshop.pl\/wp-content\/uploads\/2025\/09\/Bottom-screws.webp 2000w\" sizes=\"auto, (max-width: 400px) 100vw, 400px\" \/><\/p>\n","protected":false},"excerpt":{"rendered":"<p>Dopasowana spr\u0119\u017cyna \u2013 pe\u0142en realizm i stabilno\u015b\u0107 w ka\u017cdej konfiguracji Wersja z mocowaniem do riga wyposa\u017cona jest w mocniejsz\u0105 spr\u0119\u017cyn\u0119, [&hellip;]<\/p>\n","protected":false},"featured_media":728,"comment_status":"open","ping_status":"closed","template":"","meta":{"site-sidebar-layout":"default","site-content-layout":"","ast-site-content-layout":"default","site-content-style":"default","site-sidebar-style":"default","ast-global-header-display":"","ast-banner-title-visibility":"","ast-main-header-display":"","ast-hfb-above-header-display":"","ast-hfb-below-header-display":"","ast-hfb-mobile-header-display":"","site-post-title":"","ast-breadcrumbs-content":"","ast-featured-img":"","footer-sml-layout":"","ast-disable-related-posts":"","theme-transparent-header-meta":"default","adv-header-id-meta":"","stick-header-meta":"","header-above-stick-meta":"","header-main-stick-meta":"","header-below-stick-meta":"","astra-migrate-meta-layouts":"set","ast-page-background-enabled":"default","ast-page-background-meta":{"desktop":{"background-color":"var(--ast-global-color-5)","background-image":"","background-repeat":"repeat","background-position":"center center","background-size":"auto","background-attachment":"scroll","background-type":"","background-media":"","overlay-type":"","overlay-color":"","overlay-opacity":"","overlay-gradient":""},"tablet":{"background-color":"","background-image":"","background-repeat":"repeat","background-position":"center center","background-size":"auto","background-attachment":"scroll","background-type":"","background-media":"","overlay-type":"","overlay-color":"","overlay-opacity":"","overlay-gradient":""},"mobile":{"background-color":"","background-image":"","background-repeat":"repeat","background-position":"center center","background-size":"auto","background-attachment":"scroll","background-type":"","background-media":"","overlay-type":"","overlay-color":"","overlay-opacity":"","overlay-gradient":""}},"ast-content-background-meta":{"desktop":{"background-color":"var(--ast-global-color-4)","background-image":"","background-repeat":"repeat","background-position":"center center","background-size":"auto","background-attachment":"scroll","background-type":"","background-media":"","overlay-type":"","overlay-color":"","overlay-opacity":"","overlay-gradient":""},"tablet":{"background-color":"var(--ast-global-color-4)","background-image":"","background-repeat":"repeat","background-position":"center center","background-size":"auto","background-attachment":"scroll","background-type":"","background-media":"","overlay-type":"","overlay-color":"","overlay-opacity":"","overlay-gradient":""},"mobile":{"background-color":"var(--ast-global-color-4)","background-image":"","background-repeat":"repeat","background-position":"center center","background-size":"auto","background-attachment":"scroll","background-type":"","background-media":"","overlay-type":"","overlay-color":"","overlay-opacity":"","overlay-gradient":""}}},"product_brand":[22],"product_cat":[18],"product_tag":[],"class_list":{"0":"post-724","1":"product","2":"type-product","3":"status-publish","4":"has-post-thumbnail","6":"product_brand-nsim","7":"product_cat-bez-kategorii","8":"desktop-align-center","9":"tablet-align-center","10":"mobile-align-center","12":"first","13":"instock","14":"shipping-taxable","15":"purchasable","16":"product-type-simple"},"jetpack_sharing_enabled":true,"_links":{"self":[{"href":"https:\/\/nsimshop.pl\/index.php\/wp-json\/wp\/v2\/product\/724","targetHints":{"allow":["GET"]}}],"collection":[{"href":"https:\/\/nsimshop.pl\/index.php\/wp-json\/wp\/v2\/product"}],"about":[{"href":"https:\/\/nsimshop.pl\/index.php\/wp-json\/wp\/v2\/types\/product"}],"replies":[{"embeddable":true,"href":"https:\/\/nsimshop.pl\/index.php\/wp-json\/wp\/v2\/comments?post=724"}],"wp:featuredmedia":[{"embeddable":true,"href":"https:\/\/nsimshop.pl\/index.php\/wp-json\/wp\/v2\/media\/728"}],"wp:attachment":[{"href":"https:\/\/nsimshop.pl\/index.php\/wp-json\/wp\/v2\/media?parent=724"}],"wp:term":[{"taxonomy":"product_brand","embeddable":true,"href":"https:\/\/nsimshop.pl\/index.php\/wp-json\/wp\/v2\/product_brand?post=724"},{"taxonomy":"product_cat","embeddable":true,"href":"https:\/\/nsimshop.pl\/index.php\/wp-json\/wp\/v2\/product_cat?post=724"},{"taxonomy":"product_tag","embeddable":true,"href":"https:\/\/nsimshop.pl\/index.php\/wp-json\/wp\/v2\/product_tag?post=724"}],"curies":[{"name":"wp","href":"https:\/\/api.w.org\/{rel}","templated":true}]}}