{"id":720,"date":"2025-09-18T00:15:36","date_gmt":"2025-09-18T00:15:36","guid":{"rendered":"https:\/\/nsimshop.pl\/?post_type=product&#038;p=720"},"modified":"2025-09-18T00:19:28","modified_gmt":"2025-09-18T00:19:28","slug":"zestaw-blokad-kol-do-foteli-obrotowych","status":"publish","type":"product","link":"https:\/\/nsimshop.pl\/index.php\/produkt\/zestaw-blokad-kol-do-foteli-obrotowych\/","title":{"rendered":"Zestaw blokad k\u00f3\u0142 do foteli obrotowych"},"content":{"rendered":"<p data-start=\"84\" data-end=\"134\"><strong data-start=\"84\" data-end=\"132\">Zestaw blokad do foteli na k\u00f3\u0142kach \u2013 5 sztuk<\/strong><\/p>\n<p data-start=\"136\" data-end=\"430\">Stabilizuj sw\u00f3j fotel i zapomnij o problemie z jego przesuwaniem!<br data-start=\"201\" data-end=\"204\" \/>Praktyczny komplet 5 blokad z tworzywa sztucznego skutecznie unieruchamia fotel na k\u00f3\u0142kach, zapewniaj\u0105c pe\u0142n\u0105 stabilno\u015b\u0107. Ka\u017cda blokada posiada spodni\u0105 warstw\u0119 gumy antypo\u015blizgowej, dzi\u0119ki czemu nie przesuwa si\u0119 po pod\u0142odze.<\/p>\n<p data-start=\"432\" data-end=\"646\">&#x2705; Idealne rozwi\u0105zanie do <strong data-start=\"465\" data-end=\"479\">sim racingu <\/strong>\u2013 koniec z uciekaj\u0105cym fotelem podczas hamowania.<br data-start=\"529\" data-end=\"532\" \/>&#x2705; Pasuj\u0105 do wi\u0119kszo\u015bci foteli biurowych i gamingowych.<br data-start=\"586\" data-end=\"589\" \/>&#x2705; Prosty monta\u017c \u2013 wystarczy pod\u0142o\u017cy\u0107 blokady pod k\u00f3\u0142ka.<\/p>\n<p data-start=\"648\" data-end=\"738\">Na grafice znajdziesz wymiary, kt\u00f3re pomog\u0105 Ci sprawdzi\u0107 kompatybilno\u015b\u0107 z Twoim fotelem.<\/p>\n<p data-start=\"648\" data-end=\"738\"><img loading=\"lazy\" decoding=\"async\" class=\"alignnone wp-image-723 size-full\" src=\"http:\/\/nsimshop.pl\/wp-content\/uploads\/2025\/09\/WheelBlock-Dimensions.png\" alt=\"\" width=\"470\" height=\"667\" srcset=\"https:\/\/nsimshop.pl\/wp-content\/uploads\/2025\/09\/WheelBlock-Dimensions.png 470w, https:\/\/nsimshop.pl\/wp-content\/uploads\/2025\/09\/WheelBlock-Dimensions-211x300.png 211w, https:\/\/nsimshop.pl\/wp-content\/uploads\/2025\/09\/WheelBlock-Dimensions-400x568.png 400w\" sizes=\"auto, (max-width: 470px) 100vw, 470px\" \/><\/p>\n","protected":false},"excerpt":{"rendered":"<p>Zestaw blokad do foteli na k\u00f3\u0142kach \u2013 5 sztuk Stabilizuj sw\u00f3j fotel i zapomnij o problemie z jego przesuwaniem!Praktyczny komplet [&hellip;]<\/p>\n","protected":false},"featured_media":722,"comment_status":"open","ping_status":"closed","template":"","meta":{"site-sidebar-layout":"default","site-content-layout":"","ast-site-content-layout":"default","site-content-style":"default","site-sidebar-style":"default","ast-global-header-display":"","ast-banner-title-visibility":"","ast-main-header-display":"","ast-hfb-above-header-display":"","ast-hfb-below-header-display":"","ast-hfb-mobile-header-display":"","site-post-title":"","ast-breadcrumbs-content":"","ast-featured-img":"","footer-sml-layout":"","ast-disable-related-posts":"","theme-transparent-header-meta":"default","adv-header-id-meta":"","stick-header-meta":"","header-above-stick-meta":"","header-main-stick-meta":"","header-below-stick-meta":"","astra-migrate-meta-layouts":"set","ast-page-background-enabled":"default","ast-page-background-meta":{"desktop":{"background-color":"var(--ast-global-color-5)","background-image":"","background-repeat":"repeat","background-position":"center center","background-size":"auto","background-attachment":"scroll","background-type":"","background-media":"","overlay-type":"","overlay-color":"","overlay-opacity":"","overlay-gradient":""},"tablet":{"background-color":"","background-image":"","background-repeat":"repeat","background-position":"center center","background-size":"auto","background-attachment":"scroll","background-type":"","background-media":"","overlay-type":"","overlay-color":"","overlay-opacity":"","overlay-gradient":""},"mobile":{"background-color":"","background-image":"","background-repeat":"repeat","background-position":"center center","background-size":"auto","background-attachment":"scroll","background-type":"","background-media":"","overlay-type":"","overlay-color":"","overlay-opacity":"","overlay-gradient":""}},"ast-content-background-meta":{"desktop":{"background-color":"var(--ast-global-color-4)","background-image":"","background-repeat":"repeat","background-position":"center center","background-size":"auto","background-attachment":"scroll","background-type":"","background-media":"","overlay-type":"","overlay-color":"","overlay-opacity":"","overlay-gradient":""},"tablet":{"background-color":"var(--ast-global-color-4)","background-image":"","background-repeat":"repeat","background-position":"center center","background-size":"auto","background-attachment":"scroll","background-type":"","background-media":"","overlay-type":"","overlay-color":"","overlay-opacity":"","overlay-gradient":""},"mobile":{"background-color":"var(--ast-global-color-4)","background-image":"","background-repeat":"repeat","background-position":"center center","background-size":"auto","background-attachment":"scroll","background-type":"","background-media":"","overlay-type":"","overlay-color":"","overlay-opacity":"","overlay-gradient":""}}},"product_brand":[22],"product_cat":[21],"product_tag":[],"class_list":{"0":"post-720","1":"product","2":"type-product","3":"status-publish","4":"has-post-thumbnail","6":"product_brand-nsim","7":"product_cat-sim-racing","8":"desktop-align-center","9":"tablet-align-center","10":"mobile-align-center","12":"first","13":"instock","14":"shipping-taxable","15":"purchasable","16":"product-type-simple"},"jetpack_sharing_enabled":true,"_links":{"self":[{"href":"https:\/\/nsimshop.pl\/index.php\/wp-json\/wp\/v2\/product\/720","targetHints":{"allow":["GET"]}}],"collection":[{"href":"https:\/\/nsimshop.pl\/index.php\/wp-json\/wp\/v2\/product"}],"about":[{"href":"https:\/\/nsimshop.pl\/index.php\/wp-json\/wp\/v2\/types\/product"}],"replies":[{"embeddable":true,"href":"https:\/\/nsimshop.pl\/index.php\/wp-json\/wp\/v2\/comments?post=720"}],"wp:featuredmedia":[{"embeddable":true,"href":"https:\/\/nsimshop.pl\/index.php\/wp-json\/wp\/v2\/media\/722"}],"wp:attachment":[{"href":"https:\/\/nsimshop.pl\/index.php\/wp-json\/wp\/v2\/media?parent=720"}],"wp:term":[{"taxonomy":"product_brand","embeddable":true,"href":"https:\/\/nsimshop.pl\/index.php\/wp-json\/wp\/v2\/product_brand?post=720"},{"taxonomy":"product_cat","embeddable":true,"href":"https:\/\/nsimshop.pl\/index.php\/wp-json\/wp\/v2\/product_cat?post=720"},{"taxonomy":"product_tag","embeddable":true,"href":"https:\/\/nsimshop.pl\/index.php\/wp-json\/wp\/v2\/product_tag?post=720"}],"curies":[{"name":"wp","href":"https:\/\/api.w.org\/{rel}","templated":true}]}}