{"id":210,"date":"2025-02-10T13:26:17","date_gmt":"2025-02-10T13:26:17","guid":{"rendered":"https:\/\/nsimshop.pl\/?post_type=product&#038;p=210"},"modified":"2025-06-29T22:17:42","modified_gmt":"2025-06-29T22:17:42","slug":"shifter-h-seq-skrzynia-biegow-nsim-pot","status":"publish","type":"product","link":"https:\/\/nsimshop.pl\/index.php\/produkt\/shifter-h-seq-skrzynia-biegow-nsim-pot\/","title":{"rendered":"Shifter H\/Seq PC USB NSIM"},"content":{"rendered":"<div class=\"mpof_ki myre_zn myre_8v_l m389_6m_l\">\n<div class=\"mp4t_16_s mryx_16_s mr3m_1 mli2_1 mh85_56 mh85_0_l\">\n<div class=\"mgn2_16 _0d3bd_am0a-\">\n<p><b>Shifter do Sim Racingu<\/b><\/p>\n<p>Wszechstronny i realistyczny shifter zaprojektowany z my\u015bl\u0105 o fanach symulator\u00f3w wy\u015bcigowych oraz ci\u0119\u017car\u00f3wek. Idealny dla graczy ceni\u0105cych\u00a0<b>precyzj\u0119, solidne wykonanie i pe\u0142n\u0105 immersj\u0119<\/b>.<\/p>\n<p>Urz\u0105dzenie dzia\u0142a jako\u00a0<b>osobne urz\u0105dzenie USB (plug &amp; play)<\/b>, co oznacza pe\u0142n\u0105\u00a0<b>kompatybilno\u015b\u0107 z dowoln\u0105 kierownic\u0105<\/b>\u00a0\u2013 niezale\u017cnie od producenta. \u015awietnie wsp\u00f3\u0142pracuje z zestawami takimi jak\u00a0<b>Thrustmaster, Logitech, Fanatec, Moza<\/b>\u00a0i wieloma innymi.<\/p>\n<\/div>\n<\/div>\n<\/div>\n<div class=\"mpof_ki myre_zn myre_8v_l m389_6m_l\">\n<div class=\"mp4t_16_s mryx_16_s mr3m_1 mli2_1 mh85_56 mh85_0_l\">\n<div class=\"mgn2_16 _0d3bd_am0a-\">\n<p><b>Uk\u0142ad bieg\u00f3w 7+R z blokad\u0105 7. biegu<\/b><\/p>\n<p>Shifter oferuje\u00a0<b>siedem bieg\u00f3w do przodu oraz bieg wsteczny<\/b>, umieszczony klasycznie \u2013\u00a0<b>po prawej stronie na dole<\/b>. Dodatkowo wyposa\u017cony jest w\u00a0<b>blokad\u0119 7. biegu<\/b>, co zwi\u0119ksza realizm i zapobiega przypadkowemu wrzuceniu najwy\u017cszego prze\u0142o\u017cenia.<\/p>\n<p><img loading=\"lazy\" decoding=\"async\" class=\"alignnone wp-image-568\" src=\"http:\/\/nsimshop.pl\/wp-content\/uploads\/2025\/02\/POT_Parts-render-300x300.webp\" alt=\"\" width=\"500\" height=\"500\" srcset=\"https:\/\/nsimshop.pl\/wp-content\/uploads\/2025\/02\/POT_Parts-render-300x300.webp 300w, https:\/\/nsimshop.pl\/wp-content\/uploads\/2025\/02\/POT_Parts-render-1024x1024.webp 1024w, https:\/\/nsimshop.pl\/wp-content\/uploads\/2025\/02\/POT_Parts-render-150x150.webp 150w, https:\/\/nsimshop.pl\/wp-content\/uploads\/2025\/02\/POT_Parts-render-768x768.webp 768w, https:\/\/nsimshop.pl\/wp-content\/uploads\/2025\/02\/POT_Parts-render-1536x1536.webp 1536w, https:\/\/nsimshop.pl\/wp-content\/uploads\/2025\/02\/POT_Parts-render-400x400.webp 400w, https:\/\/nsimshop.pl\/wp-content\/uploads\/2025\/02\/POT_Parts-render-600x600.webp 600w, https:\/\/nsimshop.pl\/wp-content\/uploads\/2025\/02\/POT_Parts-render-100x100.webp 100w, https:\/\/nsimshop.pl\/wp-content\/uploads\/2025\/02\/POT_Parts-render.webp 2000w\" sizes=\"auto, (max-width: 500px) 100vw, 500px\" \/><\/p>\n<\/div>\n<\/div>\n<\/div>\n<div class=\"mpof_ki myre_zn myre_8v_l m389_6m_l\">\n<div class=\"mp4t_16_s mryx_16_s mr3m_1 mli2_1 mh85_56 mh85_0_l\">\n<div class=\"mgn2_16 _0d3bd_am0a-\">\n<p><b>Dwa tryby pracy \u2013 manualny i sekwencyjny<\/b><\/p>\n<p>Shifter mo\u017ce dzia\u0142a\u0107 zar\u00f3wno w\u00a0<b>trybie manualnym<\/b>, jak i\u00a0<b>sekwencyjnym<\/b>. W zestawie znajduje si\u0119\u00a0<b>dodatkowy plastikowy element<\/b>, kt\u00f3ry umo\u017cliwia szybk\u0105 konwersj\u0119 na tryb sekwencyjny, oraz\u00a0<b>druga ga\u0142ka<\/b>, specjalnie przeznaczona do tego trybu.<\/p>\n<p><img loading=\"lazy\" decoding=\"async\" class=\"alignnone wp-image-571\" src=\"http:\/\/nsimshop.pl\/wp-content\/uploads\/2025\/02\/Shifter-Desk-render-300x300.webp\" alt=\"\" width=\"500\" height=\"500\" srcset=\"https:\/\/nsimshop.pl\/wp-content\/uploads\/2025\/02\/Shifter-Desk-render-300x300.webp 300w, https:\/\/nsimshop.pl\/wp-content\/uploads\/2025\/02\/Shifter-Desk-render-1024x1024.webp 1024w, https:\/\/nsimshop.pl\/wp-content\/uploads\/2025\/02\/Shifter-Desk-render-150x150.webp 150w, https:\/\/nsimshop.pl\/wp-content\/uploads\/2025\/02\/Shifter-Desk-render-768x768.webp 768w, https:\/\/nsimshop.pl\/wp-content\/uploads\/2025\/02\/Shifter-Desk-render-1536x1536.webp 1536w, https:\/\/nsimshop.pl\/wp-content\/uploads\/2025\/02\/Shifter-Desk-render-400x400.webp 400w, https:\/\/nsimshop.pl\/wp-content\/uploads\/2025\/02\/Shifter-Desk-render-600x600.webp 600w, https:\/\/nsimshop.pl\/wp-content\/uploads\/2025\/02\/Shifter-Desk-render-100x100.webp 100w, https:\/\/nsimshop.pl\/wp-content\/uploads\/2025\/02\/Shifter-Desk-render.webp 2000w\" sizes=\"auto, (max-width: 500px) 100vw, 500px\" \/><img loading=\"lazy\" decoding=\"async\" class=\"alignnone wp-image-567\" src=\"http:\/\/nsimshop.pl\/wp-content\/uploads\/2025\/02\/Pot-desk-seq-300x300.webp\" alt=\"\" width=\"500\" height=\"500\" srcset=\"https:\/\/nsimshop.pl\/wp-content\/uploads\/2025\/02\/Pot-desk-seq-300x300.webp 300w, https:\/\/nsimshop.pl\/wp-content\/uploads\/2025\/02\/Pot-desk-seq-1024x1024.webp 1024w, https:\/\/nsimshop.pl\/wp-content\/uploads\/2025\/02\/Pot-desk-seq-150x150.webp 150w, https:\/\/nsimshop.pl\/wp-content\/uploads\/2025\/02\/Pot-desk-seq-768x768.webp 768w, https:\/\/nsimshop.pl\/wp-content\/uploads\/2025\/02\/Pot-desk-seq-1536x1536.webp 1536w, https:\/\/nsimshop.pl\/wp-content\/uploads\/2025\/02\/Pot-desk-seq-400x400.webp 400w, https:\/\/nsimshop.pl\/wp-content\/uploads\/2025\/02\/Pot-desk-seq-600x600.webp 600w, https:\/\/nsimshop.pl\/wp-content\/uploads\/2025\/02\/Pot-desk-seq-100x100.webp 100w, https:\/\/nsimshop.pl\/wp-content\/uploads\/2025\/02\/Pot-desk-seq.webp 2000w\" sizes=\"auto, (max-width: 500px) 100vw, 500px\" \/><\/p>\n<\/div>\n<\/div>\n<\/div>\n<div class=\"mpof_ki myre_zn myre_8v_l m389_6m_l\">\n<div class=\"mp4t_16_s mryx_16_s mr3m_1 mli2_1 mh85_56 mh85_0_l\">\n<div class=\"mg9e_8 mj7a_8 mg9e_0_s mvrt_0_s mj7a_0_s mh36_0_s mzmg_6m munh_16_l m3h2_16_l\">\n<div class=\"mp4t_0 mryx_0 munh_56 m3h2_56\">\n<div class=\"mp7g_oh\"><\/div>\n<\/div>\n<\/div>\n<\/div>\n<\/div>\n<div class=\"mpof_ki myre_zn myre_8v_l m389_6m_l\">\n<div class=\"mp4t_16_s mryx_16_s mr3m_1 mli2_1 mh85_56 mh85_0_l\">\n<div class=\"mgn2_16 _0d3bd_am0a-\">\n<p><b>Regulowany op\u00f3r<\/b><\/p>\n<p>Dzi\u0119ki prostemu systemowi regulacji od spodu urz\u0105dzenia, mo\u017cesz\u00a0<b>ustawi\u0107 op\u00f3r d\u017awigni wed\u0142ug w\u0142asnych preferencji<\/b>\u00a0\u2013 od lekkiego i szybkiego prze\u0142\u0105czania, po bardziej realistyczne, twarde zmiany bieg\u00f3w.<\/p>\n<p><img loading=\"lazy\" decoding=\"async\" class=\"alignnone wp-image-576\" style=\"font-style: inherit; font-weight: inherit;\" src=\"http:\/\/nsimshop.pl\/wp-content\/uploads\/2025\/02\/Wrench_adjustment-pot-300x300.webp\" alt=\"\" width=\"500\" height=\"500\" srcset=\"https:\/\/nsimshop.pl\/wp-content\/uploads\/2025\/02\/Wrench_adjustment-pot-300x300.webp 300w, https:\/\/nsimshop.pl\/wp-content\/uploads\/2025\/02\/Wrench_adjustment-pot-1024x1024.webp 1024w, https:\/\/nsimshop.pl\/wp-content\/uploads\/2025\/02\/Wrench_adjustment-pot-150x150.webp 150w, https:\/\/nsimshop.pl\/wp-content\/uploads\/2025\/02\/Wrench_adjustment-pot-768x768.webp 768w, https:\/\/nsimshop.pl\/wp-content\/uploads\/2025\/02\/Wrench_adjustment-pot-1536x1536.webp 1536w, https:\/\/nsimshop.pl\/wp-content\/uploads\/2025\/02\/Wrench_adjustment-pot-400x400.webp 400w, https:\/\/nsimshop.pl\/wp-content\/uploads\/2025\/02\/Wrench_adjustment-pot-600x600.webp 600w, https:\/\/nsimshop.pl\/wp-content\/uploads\/2025\/02\/Wrench_adjustment-pot-100x100.webp 100w, https:\/\/nsimshop.pl\/wp-content\/uploads\/2025\/02\/Wrench_adjustment-pot.webp 2000w\" sizes=\"auto, (max-width: 500px) 100vw, 500px\" \/><\/p>\n<\/div>\n<\/div>\n<div class=\"mp4t_16_s mryx_16_s mr3m_1 mli2_1 mh85_56 mh85_0_l\">\n<div class=\"mg9e_8 mj7a_8 mg9e_0_s mvrt_0_s mj7a_0_s mh36_0_s mzmg_6m munh_16_l m3h2_16_l\">\n<div class=\"mp4t_0 mryx_0 munh_56 m3h2_56\">\n<div class=\"mp7g_oh\"><\/div>\n<\/div>\n<\/div>\n<\/div>\n<\/div>\n<div class=\"mpof_ki myre_zn myre_8v_l m389_6m_l\">\n<div class=\"mp4t_16_s mryx_16_s mr3m_1 mli2_1 mh85_56 mh85_0_l\">\n<div class=\"mgn2_16 _0d3bd_am0a-\">\n<p><b>Precyzyjne potencjometry<\/b><\/p>\n<p>Shifter zosta\u0142 wyposa\u017cony w\u00a0<b>potencjometry<\/b>, kt\u00f3re zapewniaj\u0105\u00a0<b>dok\u0142adne odwzorowanie pozycji d\u017awigni<\/b>. Dzi\u0119ki temu\u00a0<b>ka\u017cda zmiana biegu<\/b>\u00a0jest\u00a0<b>p\u0142ynna i precyzyjna<\/b>, co przek\u0142ada si\u0119 na\u00a0<b>realistyczne wra\u017cenia z jazdy.<\/b><\/p>\n<p><img loading=\"lazy\" decoding=\"async\" class=\"alignnone wp-image-569\" style=\"font-style: inherit; font-weight: inherit;\" src=\"http:\/\/nsimshop.pl\/wp-content\/uploads\/2025\/02\/Pot_render4-300x300.webp\" alt=\"\" width=\"500\" height=\"500\" srcset=\"https:\/\/nsimshop.pl\/wp-content\/uploads\/2025\/02\/Pot_render4-300x300.webp 300w, https:\/\/nsimshop.pl\/wp-content\/uploads\/2025\/02\/Pot_render4-1024x1024.webp 1024w, https:\/\/nsimshop.pl\/wp-content\/uploads\/2025\/02\/Pot_render4-150x150.webp 150w, https:\/\/nsimshop.pl\/wp-content\/uploads\/2025\/02\/Pot_render4-768x768.webp 768w, https:\/\/nsimshop.pl\/wp-content\/uploads\/2025\/02\/Pot_render4-1536x1536.webp 1536w, https:\/\/nsimshop.pl\/wp-content\/uploads\/2025\/02\/Pot_render4-400x400.webp 400w, https:\/\/nsimshop.pl\/wp-content\/uploads\/2025\/02\/Pot_render4-600x600.webp 600w, https:\/\/nsimshop.pl\/wp-content\/uploads\/2025\/02\/Pot_render4-100x100.webp 100w, https:\/\/nsimshop.pl\/wp-content\/uploads\/2025\/02\/Pot_render4.webp 2000w\" sizes=\"auto, (max-width: 500px) 100vw, 500px\" \/><\/p>\n<\/div>\n<\/div>\n<\/div>\n<div class=\"mpof_ki myre_zn myre_8v_l m389_6m_l\">\n<div class=\"mp4t_16_s mryx_16_s mr3m_1 mli2_1 mh85_56 mh85_0_l\">\n<div class=\"mgn2_16 _0d3bd_am0a-\">\n<p><b>Solidna konstrukcja<\/b><\/p>\n<ul>\n<li><b>Wszystkie elementy ruchome osadzone na \u0142o\u017cyskach<\/b>\u00a0\u2013 gwarantuj\u0105 p\u0142ynne i precyzyjne dzia\u0142anie<\/li>\n<li><b>Wytrzyma\u0142y stalowy szkielet<\/b>\u00a0\u2013 konstrukcja oparta na stalowych pr\u0119tach, skr\u0119cana \u015brubami<\/li>\n<li><b>Prowadnice z nylonu PA12<\/b> \u2013 niezwykle odporny materia\u0142 techniczny, stosowany w przemy\u015ble<\/li>\n<\/ul>\n<\/div>\n<\/div>\n<\/div>\n<div class=\"mpof_ki myre_zn myre_8v_l m389_6m_l\">\n<div class=\"mp4t_16_s mryx_16_s mr3m_1 mli2_1 mh85_56 mh85_0_l\">\n<div class=\"mgn2_16 _0d3bd_am0a-\">\n<p><img loading=\"lazy\" decoding=\"async\" class=\"alignnone wp-image-566\" src=\"http:\/\/nsimshop.pl\/wp-content\/uploads\/2025\/02\/GuideRails-POT-300x300.webp\" alt=\"\" width=\"500\" height=\"500\" srcset=\"https:\/\/nsimshop.pl\/wp-content\/uploads\/2025\/02\/GuideRails-POT-300x300.webp 300w, https:\/\/nsimshop.pl\/wp-content\/uploads\/2025\/02\/GuideRails-POT-1024x1024.webp 1024w, https:\/\/nsimshop.pl\/wp-content\/uploads\/2025\/02\/GuideRails-POT-150x150.webp 150w, https:\/\/nsimshop.pl\/wp-content\/uploads\/2025\/02\/GuideRails-POT-768x768.webp 768w, https:\/\/nsimshop.pl\/wp-content\/uploads\/2025\/02\/GuideRails-POT-1536x1536.webp 1536w, https:\/\/nsimshop.pl\/wp-content\/uploads\/2025\/02\/GuideRails-POT-400x400.webp 400w, https:\/\/nsimshop.pl\/wp-content\/uploads\/2025\/02\/GuideRails-POT-600x600.webp 600w, https:\/\/nsimshop.pl\/wp-content\/uploads\/2025\/02\/GuideRails-POT-100x100.webp 100w, https:\/\/nsimshop.pl\/wp-content\/uploads\/2025\/02\/GuideRails-POT.webp 2000w\" sizes=\"auto, (max-width: 500px) 100vw, 500px\" \/><\/p>\n<p><b>\u0141atwy monta\u017c \u2013 dwie opcje<\/b><\/p>\n<ul>\n<li><b>Zacisk do biurka<\/b>\u00a0(max. grubo\u015b\u0107 5 cm)<\/li>\n<li><b>Mocowanie do rig\u00f3w<\/b>\u00a0od spodu \u2013 za pomoc\u0105 dw\u00f3ch \u015brub M5 (rozstaw 60 mm)<\/li>\n<\/ul>\n<\/div>\n<\/div>\n<\/div>\n<div class=\"mpof_ki myre_zn myre_8v_l m389_6m_l\">\n<div class=\"mp4t_16_s mryx_16_s mr3m_1 mli2_1 mh85_56 mh85_0_l\">\n<div class=\"mg9e_8 mj7a_8 mg9e_0_s mvrt_0_s mj7a_0_s mh36_0_s mzmg_6m munh_16_l m3h2_16_l\">\n<div class=\"mp4t_0 mryx_0 munh_56 m3h2_56\">\n<div class=\"mp7g_oh\"><img loading=\"lazy\" decoding=\"async\" class=\"alignnone wp-image-570\" style=\"font-style: inherit; font-weight: inherit;\" src=\"http:\/\/nsimshop.pl\/wp-content\/uploads\/2025\/02\/RigMount-POT-300x300.webp\" alt=\"\" width=\"500\" height=\"500\" srcset=\"https:\/\/nsimshop.pl\/wp-content\/uploads\/2025\/02\/RigMount-POT-300x300.webp 300w, https:\/\/nsimshop.pl\/wp-content\/uploads\/2025\/02\/RigMount-POT-1024x1024.webp 1024w, https:\/\/nsimshop.pl\/wp-content\/uploads\/2025\/02\/RigMount-POT-150x150.webp 150w, https:\/\/nsimshop.pl\/wp-content\/uploads\/2025\/02\/RigMount-POT-768x768.webp 768w, https:\/\/nsimshop.pl\/wp-content\/uploads\/2025\/02\/RigMount-POT-1536x1536.webp 1536w, https:\/\/nsimshop.pl\/wp-content\/uploads\/2025\/02\/RigMount-POT-400x400.webp 400w, https:\/\/nsimshop.pl\/wp-content\/uploads\/2025\/02\/RigMount-POT-600x600.webp 600w, https:\/\/nsimshop.pl\/wp-content\/uploads\/2025\/02\/RigMount-POT-100x100.webp 100w, https:\/\/nsimshop.pl\/wp-content\/uploads\/2025\/02\/RigMount-POT.webp 2000w\" sizes=\"auto, (max-width: 500px) 100vw, 500px\" \/><img loading=\"lazy\" decoding=\"async\" class=\"alignnone wp-image-572\" src=\"http:\/\/nsimshop.pl\/wp-content\/uploads\/2025\/02\/ShPOT-Desk-225x300.webp\" alt=\"\" width=\"375\" height=\"500\" srcset=\"https:\/\/nsimshop.pl\/wp-content\/uploads\/2025\/02\/ShPOT-Desk-225x300.webp 225w, https:\/\/nsimshop.pl\/wp-content\/uploads\/2025\/02\/ShPOT-Desk-768x1024.webp 768w, https:\/\/nsimshop.pl\/wp-content\/uploads\/2025\/02\/ShPOT-Desk-1152x1536.webp 1152w, https:\/\/nsimshop.pl\/wp-content\/uploads\/2025\/02\/ShPOT-Desk-1536x2048.webp 1536w, https:\/\/nsimshop.pl\/wp-content\/uploads\/2025\/02\/ShPOT-Desk-400x533.webp 400w, https:\/\/nsimshop.pl\/wp-content\/uploads\/2025\/02\/ShPOT-Desk-600x800.webp 600w, https:\/\/nsimshop.pl\/wp-content\/uploads\/2025\/02\/ShPOT-Desk-scaled.webp 1920w\" sizes=\"auto, (max-width: 375px) 100vw, 375px\" \/><\/div>\n<\/div>\n<\/div>\n<\/div>\n<\/div>\n<div class=\"mpof_ki myre_zn myre_8v_l m389_6m_l\">\n<div class=\"mp4t_16_s mryx_16_s mr3m_1 mli2_1 mh85_56 mh85_0_l\">\n<div class=\"mgn2_16 _0d3bd_am0a-\">\n<p><b>Zobacz shifter w akcji!<\/b><\/p>\n<p>Kr\u00f3tki film prezentuj\u0105cy dzia\u0142anie skrzynii znajdziesz poni\u017cej.<\/p>\n<div class=\"ast-oembed-container \" style=\"height: 100%;\"><iframe loading=\"lazy\" title=\"Sim Racing H\/Seq Shifter\" width=\"500\" height=\"281\" src=\"https:\/\/www.youtube.com\/embed\/Fd3oy_HFI5U?feature=oembed\" frameborder=\"0\" allow=\"accelerometer; autoplay; clipboard-write; encrypted-media; gyroscope; picture-in-picture; web-share\" referrerpolicy=\"strict-origin-when-cross-origin\" allowfullscreen><\/iframe><\/div>\n<\/div>\n<\/div>\n<\/div>\n","protected":false},"excerpt":{"rendered":"<p>Shifter do Sim Racingu Wszechstronny i realistyczny shifter zaprojektowany z my\u015bl\u0105 o fanach symulator\u00f3w wy\u015bcigowych oraz ci\u0119\u017car\u00f3wek. Idealny dla graczy [&hellip;]<\/p>\n","protected":false},"featured_media":573,"comment_status":"open","ping_status":"closed","template":"","meta":{"site-sidebar-layout":"default","site-content-layout":"","ast-site-content-layout":"default","site-content-style":"default","site-sidebar-style":"default","ast-global-header-display":"","ast-banner-title-visibility":"","ast-main-header-display":"","ast-hfb-above-header-display":"","ast-hfb-below-header-display":"","ast-hfb-mobile-header-display":"","site-post-title":"","ast-breadcrumbs-content":"","ast-featured-img":"","footer-sml-layout":"","ast-disable-related-posts":"","theme-transparent-header-meta":"default","adv-header-id-meta":"","stick-header-meta":"","header-above-stick-meta":"","header-main-stick-meta":"","header-below-stick-meta":"","astra-migrate-meta-layouts":"set","ast-page-background-enabled":"default","ast-page-background-meta":{"desktop":{"background-color":"var(--ast-global-color-5)","background-image":"","background-repeat":"repeat","background-position":"center center","background-size":"auto","background-attachment":"scroll","background-type":"","background-media":"","overlay-type":"","overlay-color":"","overlay-opacity":"","overlay-gradient":""},"tablet":{"background-color":"","background-image":"","background-repeat":"repeat","background-position":"center center","background-size":"auto","background-attachment":"scroll","background-type":"","background-media":"","overlay-type":"","overlay-color":"","overlay-opacity":"","overlay-gradient":""},"mobile":{"background-color":"","background-image":"","background-repeat":"repeat","background-position":"center center","background-size":"auto","background-attachment":"scroll","background-type":"","background-media":"","overlay-type":"","overlay-color":"","overlay-opacity":"","overlay-gradient":""}},"ast-content-background-meta":{"desktop":{"background-color":"var(--ast-global-color-4)","background-image":"","background-repeat":"repeat","background-position":"center center","background-size":"auto","background-attachment":"scroll","background-type":"","background-media":"","overlay-type":"","overlay-color":"","overlay-opacity":"","overlay-gradient":""},"tablet":{"background-color":"var(--ast-global-color-4)","background-image":"","background-repeat":"repeat","background-position":"center center","background-size":"auto","background-attachment":"scroll","background-type":"","background-media":"","overlay-type":"","overlay-color":"","overlay-opacity":"","overlay-gradient":""},"mobile":{"background-color":"var(--ast-global-color-4)","background-image":"","background-repeat":"repeat","background-position":"center center","background-size":"auto","background-attachment":"scroll","background-type":"","background-media":"","overlay-type":"","overlay-color":"","overlay-opacity":"","overlay-gradient":""}}},"product_brand":[22],"product_cat":[21],"product_tag":[],"class_list":{"0":"post-210","1":"product","2":"type-product","3":"status-publish","4":"has-post-thumbnail","6":"product_brand-nsim","7":"product_cat-sim-racing","8":"desktop-align-center","9":"tablet-align-center","10":"mobile-align-center","12":"first","13":"instock","14":"shipping-taxable","15":"purchasable","16":"product-type-simple"},"jetpack_sharing_enabled":true,"_links":{"self":[{"href":"https:\/\/nsimshop.pl\/index.php\/wp-json\/wp\/v2\/product\/210","targetHints":{"allow":["GET"]}}],"collection":[{"href":"https:\/\/nsimshop.pl\/index.php\/wp-json\/wp\/v2\/product"}],"about":[{"href":"https:\/\/nsimshop.pl\/index.php\/wp-json\/wp\/v2\/types\/product"}],"replies":[{"embeddable":true,"href":"https:\/\/nsimshop.pl\/index.php\/wp-json\/wp\/v2\/comments?post=210"}],"wp:featuredmedia":[{"embeddable":true,"href":"https:\/\/nsimshop.pl\/index.php\/wp-json\/wp\/v2\/media\/573"}],"wp:attachment":[{"href":"https:\/\/nsimshop.pl\/index.php\/wp-json\/wp\/v2\/media?parent=210"}],"wp:term":[{"taxonomy":"product_brand","embeddable":true,"href":"https:\/\/nsimshop.pl\/index.php\/wp-json\/wp\/v2\/product_brand?post=210"},{"taxonomy":"product_cat","embeddable":true,"href":"https:\/\/nsimshop.pl\/index.php\/wp-json\/wp\/v2\/product_cat?post=210"},{"taxonomy":"product_tag","embeddable":true,"href":"https:\/\/nsimshop.pl\/index.php\/wp-json\/wp\/v2\/product_tag?post=210"}],"curies":[{"name":"wp","href":"https:\/\/api.w.org\/{rel}","templated":true}]}}