{"id":198,"date":"2025-02-10T12:35:08","date_gmt":"2025-02-10T12:35:08","guid":{"rendered":"https:\/\/nsimshop.pl\/?post_type=product&#038;p=198"},"modified":"2025-02-10T14:37:59","modified_gmt":"2025-02-10T14:37:59","slug":"adapter-logitech-g29-nsim","status":"publish","type":"product","link":"https:\/\/nsimshop.pl\/index.php\/produkt\/adapter-logitech-g29-nsim\/","title":{"rendered":"Adapter Logitech G29 NSIM"},"content":{"rendered":"<div class=\"mp4t_16_s mryx_16_s mr3m_1 mli2_1 mh85_56 mh85_0_l\">\n<div class=\"mgn2_16 _0d3bd_am0a-\">\n<p>Adapter do kierownicy Logitech G29 pozwoli Ci na monta\u017c customowej kierownicy do swojej bazy.<\/p>\n<p>Przedmiot wydrukowany na drukarce 3D z PLA z du\u017cym wype\u0142nieniem.<\/p>\n<p>Rozstaw \u015brub monta\u017cowych &#8211; 70mm (pasuje do wi\u0119kszo\u015bci kierownic na rynku).<\/p>\n<\/div>\n<\/div>\n<div class=\"mp4t_16_s mryx_16_s mr3m_1 mli2_1 mh85_56 mh85_0_l\">\n<div class=\"mg9e_8 mj7a_8 mg9e_0_s mvrt_0_s mj7a_0_s mh36_0_s mzmg_6m munh_16_l m3h2_16_l\">\n<div class=\"mp4t_0 mryx_0 munh_56 m3h2_56\">\n<div class=\"mp7g_oh\"><img loading=\"lazy\" decoding=\"async\" class=\"msub_k4 mupj_5k mjru_k4 mse2_k4 mp7g_f6 mq1m_0 mj7u_0 m7er_k4 lazyloaded\" src=\"https:\/\/a.allegroimg.com\/original\/11239b\/4029aa6b480b8aa11cabe102eb5a\/Adapter-Logitech-G29-NSIM-EAN-GTIN-5907541341010\" sizes=\"auto, (min-width: 1200px) 560px, (min-width: 992px) 50vw, 100vw\" srcset=\"https:\/\/a.allegroimg.com\/s360\/11239b\/4029aa6b480b8aa11cabe102eb5a\/Adapter-Logitech-G29-NSIM-EAN-GTIN-5907541341010 360w,https:\/\/a.allegroimg.com\/s720\/11239b\/4029aa6b480b8aa11cabe102eb5a\/Adapter-Logitech-G29-NSIM-EAN-GTIN-5907541341010 720w,https:\/\/a.allegroimg.com\/s1024\/11239b\/4029aa6b480b8aa11cabe102eb5a\/Adapter-Logitech-G29-NSIM-EAN-GTIN-5907541341010 1024w,https:\/\/a.allegroimg.com\/s1440\/11239b\/4029aa6b480b8aa11cabe102eb5a\/Adapter-Logitech-G29-NSIM-EAN-GTIN-5907541341010 1440w,https:\/\/a.allegroimg.com\/original\/11239b\/4029aa6b480b8aa11cabe102eb5a\/Adapter-Logitech-G29-NSIM-EAN-GTIN-5907541341010 1600w\" alt=\"Adapter Logitech G29 NSIM EAN (GTIN) 5907541341010\" width=\"544\" height=\"544\" data-src=\"https:\/\/a.allegroimg.com\/original\/11239b\/4029aa6b480b8aa11cabe102eb5a\/Adapter-Logitech-G29-NSIM-EAN-GTIN-5907541341010\" data-srcset=\"https:\/\/a.allegroimg.com\/s360\/11239b\/4029aa6b480b8aa11cabe102eb5a\/Adapter-Logitech-G29-NSIM-EAN-GTIN-5907541341010 360w,https:\/\/a.allegroimg.com\/s720\/11239b\/4029aa6b480b8aa11cabe102eb5a\/Adapter-Logitech-G29-NSIM-EAN-GTIN-5907541341010 720w,https:\/\/a.allegroimg.com\/s1024\/11239b\/4029aa6b480b8aa11cabe102eb5a\/Adapter-Logitech-G29-NSIM-EAN-GTIN-5907541341010 1024w,https:\/\/a.allegroimg.com\/s1440\/11239b\/4029aa6b480b8aa11cabe102eb5a\/Adapter-Logitech-G29-NSIM-EAN-GTIN-5907541341010 1440w,https:\/\/a.allegroimg.com\/original\/11239b\/4029aa6b480b8aa11cabe102eb5a\/Adapter-Logitech-G29-NSIM-EAN-GTIN-5907541341010 1600w\" \/><\/div>\n<\/div>\n<\/div>\n<\/div>\n","protected":false},"excerpt":{"rendered":"<p class=\"mp4t_0 mryx_0 mj7a_4 mvrt_8 mp0t_ji m9qz_yo munh_0 mqu1_1j mgmw_wo mgn2_21 mgn2_25_s\">Adapter Logitech G29 NSIM<\/p>\n","protected":false},"featured_media":199,"comment_status":"open","ping_status":"closed","template":"","meta":{"site-sidebar-layout":"default","site-content-layout":"","ast-site-content-layout":"default","site-content-style":"default","site-sidebar-style":"default","ast-global-header-display":"","ast-banner-title-visibility":"","ast-main-header-display":"","ast-hfb-above-header-display":"","ast-hfb-below-header-display":"","ast-hfb-mobile-header-display":"","site-post-title":"","ast-breadcrumbs-content":"","ast-featured-img":"","footer-sml-layout":"","ast-disable-related-posts":"","theme-transparent-header-meta":"default","adv-header-id-meta":"","stick-header-meta":"","header-above-stick-meta":"","header-main-stick-meta":"","header-below-stick-meta":"","astra-migrate-meta-layouts":"set","ast-page-background-enabled":"default","ast-page-background-meta":{"desktop":{"background-color":"var(--ast-global-color-5)","background-image":"","background-repeat":"repeat","background-position":"center center","background-size":"auto","background-attachment":"scroll","background-type":"","background-media":"","overlay-type":"","overlay-color":"","overlay-opacity":"","overlay-gradient":""},"tablet":{"background-color":"","background-image":"","background-repeat":"repeat","background-position":"center center","background-size":"auto","background-attachment":"scroll","background-type":"","background-media":"","overlay-type":"","overlay-color":"","overlay-opacity":"","overlay-gradient":""},"mobile":{"background-color":"","background-image":"","background-repeat":"repeat","background-position":"center center","background-size":"auto","background-attachment":"scroll","background-type":"","background-media":"","overlay-type":"","overlay-color":"","overlay-opacity":"","overlay-gradient":""}},"ast-content-background-meta":{"desktop":{"background-color":"var(--ast-global-color-4)","background-image":"","background-repeat":"repeat","background-position":"center center","background-size":"auto","background-attachment":"scroll","background-type":"","background-media":"","overlay-type":"","overlay-color":"","overlay-opacity":"","overlay-gradient":""},"tablet":{"background-color":"var(--ast-global-color-4)","background-image":"","background-repeat":"repeat","background-position":"center center","background-size":"auto","background-attachment":"scroll","background-type":"","background-media":"","overlay-type":"","overlay-color":"","overlay-opacity":"","overlay-gradient":""},"mobile":{"background-color":"var(--ast-global-color-4)","background-image":"","background-repeat":"repeat","background-position":"center center","background-size":"auto","background-attachment":"scroll","background-type":"","background-media":"","overlay-type":"","overlay-color":"","overlay-opacity":"","overlay-gradient":""}}},"product_brand":[22],"product_cat":[21],"product_tag":[],"class_list":{"0":"post-198","1":"product","2":"type-product","3":"status-publish","4":"has-post-thumbnail","6":"product_brand-nsim","7":"product_cat-sim-racing","8":"desktop-align-center","9":"tablet-align-center","10":"mobile-align-center","12":"first","13":"instock","14":"shipping-taxable","15":"purchasable","16":"product-type-simple"},"jetpack_sharing_enabled":true,"_links":{"self":[{"href":"https:\/\/nsimshop.pl\/index.php\/wp-json\/wp\/v2\/product\/198","targetHints":{"allow":["GET"]}}],"collection":[{"href":"https:\/\/nsimshop.pl\/index.php\/wp-json\/wp\/v2\/product"}],"about":[{"href":"https:\/\/nsimshop.pl\/index.php\/wp-json\/wp\/v2\/types\/product"}],"replies":[{"embeddable":true,"href":"https:\/\/nsimshop.pl\/index.php\/wp-json\/wp\/v2\/comments?post=198"}],"wp:featuredmedia":[{"embeddable":true,"href":"https:\/\/nsimshop.pl\/index.php\/wp-json\/wp\/v2\/media\/199"}],"wp:attachment":[{"href":"https:\/\/nsimshop.pl\/index.php\/wp-json\/wp\/v2\/media?parent=198"}],"wp:term":[{"taxonomy":"product_brand","embeddable":true,"href":"https:\/\/nsimshop.pl\/index.php\/wp-json\/wp\/v2\/product_brand?post=198"},{"taxonomy":"product_cat","embeddable":true,"href":"https:\/\/nsimshop.pl\/index.php\/wp-json\/wp\/v2\/product_cat?post=198"},{"taxonomy":"product_tag","embeddable":true,"href":"https:\/\/nsimshop.pl\/index.php\/wp-json\/wp\/v2\/product_tag?post=198"}],"curies":[{"name":"wp","href":"https:\/\/api.w.org\/{rel}","templated":true}]}}