{"id":187,"date":"2025-02-10T00:48:47","date_gmt":"2025-02-10T00:48:47","guid":{"rendered":"https:\/\/nsimshop.pl\/?post_type=product&#038;p=187"},"modified":"2025-03-04T13:25:19","modified_gmt":"2025-03-04T13:25:19","slug":"buttonbox-nsim","status":"publish","type":"product","link":"https:\/\/nsimshop.pl\/index.php\/produkt\/buttonbox-nsim\/","title":{"rendered":"ButtonBox NSIM"},"content":{"rendered":"<div class=\"mp4t_16_s mryx_16_s mr3m_1 mli2_1 mh85_56 mh85_0_l\">\n<div class=\"mgn2_16 _0d3bd_am0a-\">\n<p>Buttonbox do sim racingu z wieloma mo\u017cliwo\u015bciami monta\u017cu. Urz\u0105dzenie posiada w sumie 19 przycisk\u00f3w funkcyjnych, w kt\u00f3rych sk\u0142ad wchodz\u0105 3 enkodery, kt\u00f3re idealnie sprawdzaj\u0105 si\u0119 przy regulacji kontroli trakcji, hamulc\u00f3w czy turbo. Urz\u0105dzenie mo\u017cna w dw\u00f3ch orientacjach zamontowa\u0107 do biurka (zdj\u0119cia), jak r\u00f3wnie\u017c przykr\u0119ci\u0107 do rig&#8217;a na dwie \u015bruby M5 (r\u00f3wnie\u017c na dwa sposoby).<\/p>\n<p>Buttonbox dzia\u0142a tylko z komputerem, posiada kabel o d\u0142ugo\u015bci 1.8m, dzia\u0142a od razu po pod\u0142\u0105czeniu do komputera i jest wspierany przez wi\u0119kszo\u015b\u0107 gier jak np. Assetto Corsa, Euro Truck Simulator 2, Dirt Rally.<\/p>\n<p>Wymiary:<\/p>\n<p>8x13x17cm<\/p>\n<\/div>\n<\/div>\n<div class=\"mp4t_16_s mryx_16_s mr3m_1 mli2_1 mh85_56 mh85_0_l\">\n<div class=\"mg9e_8 mj7a_8 mg9e_0_s mvrt_0_s mj7a_0_s mh36_0_s mzmg_6m munh_16_l m3h2_16_l\">\n<div class=\"mp4t_0 mryx_0 munh_56 m3h2_56\">\n<div class=\"mp7g_oh\"><img loading=\"lazy\" decoding=\"async\" class=\"msub_k4 mupj_5k mjru_k4 mse2_k4 mp7g_f6 mq1m_0 mj7u_0 m7er_k4 lazyloaded\" src=\"https:\/\/a.allegroimg.com\/original\/11861d\/cb0e81204015bdbc3ee11d2e5720\/ButtonBox-NSIM-PC-Stan-opakowania-oryginalne\" sizes=\"auto, (min-width: 1200px) 560px, (min-width: 992px) 50vw, 100vw\" srcset=\"https:\/\/a.allegroimg.com\/s360\/11861d\/cb0e81204015bdbc3ee11d2e5720\/ButtonBox-NSIM-PC-Stan-opakowania-oryginalne 246w,https:\/\/a.allegroimg.com\/s720\/11861d\/cb0e81204015bdbc3ee11d2e5720\/ButtonBox-NSIM-PC-Stan-opakowania-oryginalne 493w,https:\/\/a.allegroimg.com\/s1024\/11861d\/cb0e81204015bdbc3ee11d2e5720\/ButtonBox-NSIM-PC-Stan-opakowania-oryginalne 701w,https:\/\/a.allegroimg.com\/s1440\/11861d\/cb0e81204015bdbc3ee11d2e5720\/ButtonBox-NSIM-PC-Stan-opakowania-oryginalne 986w,https:\/\/a.allegroimg.com\/original\/11861d\/cb0e81204015bdbc3ee11d2e5720\/ButtonBox-NSIM-PC-Stan-opakowania-oryginalne 1754w\" alt=\"ButtonBox NSIM PC Stan opakowania oryginalne\" width=\"690\" height=\"1007\" data-src=\"https:\/\/a.allegroimg.com\/original\/11861d\/cb0e81204015bdbc3ee11d2e5720\/ButtonBox-NSIM-PC-Stan-opakowania-oryginalne\" data-srcset=\"https:\/\/a.allegroimg.com\/s360\/11861d\/cb0e81204015bdbc3ee11d2e5720\/ButtonBox-NSIM-PC-Stan-opakowania-oryginalne 246w,https:\/\/a.allegroimg.com\/s720\/11861d\/cb0e81204015bdbc3ee11d2e5720\/ButtonBox-NSIM-PC-Stan-opakowania-oryginalne 493w,https:\/\/a.allegroimg.com\/s1024\/11861d\/cb0e81204015bdbc3ee11d2e5720\/ButtonBox-NSIM-PC-Stan-opakowania-oryginalne 701w,https:\/\/a.allegroimg.com\/s1440\/11861d\/cb0e81204015bdbc3ee11d2e5720\/ButtonBox-NSIM-PC-Stan-opakowania-oryginalne 986w,https:\/\/a.allegroimg.com\/original\/11861d\/cb0e81204015bdbc3ee11d2e5720\/ButtonBox-NSIM-PC-Stan-opakowania-oryginalne 1754w\" \/><\/div>\n<\/div>\n<\/div>\n<\/div>\n","protected":false},"excerpt":{"rendered":"<p>Buttonbox do sim racingu<\/p>\n","protected":false},"featured_media":193,"comment_status":"open","ping_status":"closed","template":"","meta":{"site-sidebar-layout":"default","site-content-layout":"","ast-site-content-layout":"default","site-content-style":"default","site-sidebar-style":"default","ast-global-header-display":"","ast-banner-title-visibility":"","ast-main-header-display":"","ast-hfb-above-header-display":"","ast-hfb-below-header-display":"","ast-hfb-mobile-header-display":"","site-post-title":"","ast-breadcrumbs-content":"","ast-featured-img":"","footer-sml-layout":"","ast-disable-related-posts":"","theme-transparent-header-meta":"default","adv-header-id-meta":"","stick-header-meta":"","header-above-stick-meta":"","header-main-stick-meta":"","header-below-stick-meta":"","astra-migrate-meta-layouts":"set","ast-page-background-enabled":"default","ast-page-background-meta":{"desktop":{"background-color":"var(--ast-global-color-5)","background-image":"","background-repeat":"repeat","background-position":"center center","background-size":"auto","background-attachment":"scroll","background-type":"","background-media":"","overlay-type":"","overlay-color":"","overlay-opacity":"","overlay-gradient":""},"tablet":{"background-color":"","background-image":"","background-repeat":"repeat","background-position":"center center","background-size":"auto","background-attachment":"scroll","background-type":"","background-media":"","overlay-type":"","overlay-color":"","overlay-opacity":"","overlay-gradient":""},"mobile":{"background-color":"","background-image":"","background-repeat":"repeat","background-position":"center center","background-size":"auto","background-attachment":"scroll","background-type":"","background-media":"","overlay-type":"","overlay-color":"","overlay-opacity":"","overlay-gradient":""}},"ast-content-background-meta":{"desktop":{"background-color":"var(--ast-global-color-4)","background-image":"","background-repeat":"repeat","background-position":"center center","background-size":"auto","background-attachment":"scroll","background-type":"","background-media":"","overlay-type":"","overlay-color":"","overlay-opacity":"","overlay-gradient":""},"tablet":{"background-color":"var(--ast-global-color-4)","background-image":"","background-repeat":"repeat","background-position":"center center","background-size":"auto","background-attachment":"scroll","background-type":"","background-media":"","overlay-type":"","overlay-color":"","overlay-opacity":"","overlay-gradient":""},"mobile":{"background-color":"var(--ast-global-color-4)","background-image":"","background-repeat":"repeat","background-position":"center center","background-size":"auto","background-attachment":"scroll","background-type":"","background-media":"","overlay-type":"","overlay-color":"","overlay-opacity":"","overlay-gradient":""}}},"product_brand":[22],"product_cat":[21],"product_tag":[],"class_list":{"0":"post-187","1":"product","2":"type-product","3":"status-publish","4":"has-post-thumbnail","6":"product_brand-nsim","7":"product_cat-sim-racing","8":"desktop-align-center","9":"tablet-align-center","10":"mobile-align-center","12":"first","13":"instock","14":"shipping-taxable","15":"purchasable","16":"product-type-simple"},"jetpack_sharing_enabled":true,"_links":{"self":[{"href":"https:\/\/nsimshop.pl\/index.php\/wp-json\/wp\/v2\/product\/187","targetHints":{"allow":["GET"]}}],"collection":[{"href":"https:\/\/nsimshop.pl\/index.php\/wp-json\/wp\/v2\/product"}],"about":[{"href":"https:\/\/nsimshop.pl\/index.php\/wp-json\/wp\/v2\/types\/product"}],"replies":[{"embeddable":true,"href":"https:\/\/nsimshop.pl\/index.php\/wp-json\/wp\/v2\/comments?post=187"}],"wp:featuredmedia":[{"embeddable":true,"href":"https:\/\/nsimshop.pl\/index.php\/wp-json\/wp\/v2\/media\/193"}],"wp:attachment":[{"href":"https:\/\/nsimshop.pl\/index.php\/wp-json\/wp\/v2\/media?parent=187"}],"wp:term":[{"taxonomy":"product_brand","embeddable":true,"href":"https:\/\/nsimshop.pl\/index.php\/wp-json\/wp\/v2\/product_brand?post=187"},{"taxonomy":"product_cat","embeddable":true,"href":"https:\/\/nsimshop.pl\/index.php\/wp-json\/wp\/v2\/product_cat?post=187"},{"taxonomy":"product_tag","embeddable":true,"href":"https:\/\/nsimshop.pl\/index.php\/wp-json\/wp\/v2\/product_tag?post=187"}],"curies":[{"name":"wp","href":"https:\/\/api.w.org\/{rel}","templated":true}]}}