{"id":186,"date":"2025-02-10T00:32:37","date_gmt":"2025-02-10T00:32:37","guid":{"rendered":"https:\/\/nsimshop.pl\/?post_type=product&#038;p=186"},"modified":"2025-09-20T23:39:09","modified_gmt":"2025-09-20T23:39:09","slug":"skrzynia-sekwencyjna-shifter-nsim","status":"publish","type":"product","link":"https:\/\/nsimshop.pl\/index.php\/produkt\/skrzynia-sekwencyjna-shifter-nsim\/","title":{"rendered":"Skrzynia Sekwencyjna Shifter NSIM"},"content":{"rendered":"<div>\n<p><strong>Dopasowana spr\u0119\u017cyna \u2013 pe\u0142en realizm i stabilno\u015b\u0107 w ka\u017cdej konfiguracji<\/strong><\/p>\n<p><span style=\"font-size: 16px;\">Wersja z mocowaniem do blatu posiada l\u017cejsz\u0105 spr\u0119\u017cyn\u0119 \u2013 tak, aby zmniejszona si\u0142a nacisku gwarantowa\u0142a stabilno\u015b\u0107 i komfort u\u017cytkowania nawet bez riga.<\/span><\/p>\n<\/div>\n<div class=\"mpof_ki myre_zn myre_8v_l m389_6m_l\">\n<div class=\"mp4t_16_s mryx_16_s mr3m_1 mli2_1 mh85_56 mh85_0_l\">\n<div class=\"mgn2_16 _0d3bd_am0a-\">\n<p><b>Realistyczny feeling<\/b><\/p>\n<p>Urz\u0105dzenie zosta\u0142o zaprojektowane z my\u015bl\u0105 o zapewnieniu graczowi wysokiego poziomu immersji. Nieliniowy op\u00f3r dr\u0105\u017cka umo\u017cliwia precyzyjne odczuwanie momentu zmiany biegu. D\u017awignia szybko powraca do pozycji wyj\u015bciowej, co pozwala na natychmiastow\u0105 redukcj\u0119 bieg\u00f3w w razie potrzeby.<\/p>\n<p>Shifter pracuje cicho dzi\u0119ki zastosowaniu silikonowych odbojnik\u00f3w, kt\u00f3re skutecznie redukuj\u0105 ha\u0142as podczas zmiany bieg\u00f3w, zapewniaj\u0105c bardziej komfortowe u\u017cytkowanie.<\/p>\n<p><img loading=\"lazy\" decoding=\"async\" class=\"alignnone wp-image-583\" src=\"http:\/\/nsimshop.pl\/wp-content\/uploads\/2025\/02\/Seq_Desk-Mount-300x252.webp\" alt=\"\" width=\"500\" height=\"420\" srcset=\"https:\/\/nsimshop.pl\/wp-content\/uploads\/2025\/02\/Seq_Desk-Mount-300x252.webp 300w, https:\/\/nsimshop.pl\/wp-content\/uploads\/2025\/02\/Seq_Desk-Mount-1024x860.webp 1024w, https:\/\/nsimshop.pl\/wp-content\/uploads\/2025\/02\/Seq_Desk-Mount-768x645.webp 768w, https:\/\/nsimshop.pl\/wp-content\/uploads\/2025\/02\/Seq_Desk-Mount-400x336.webp 400w, https:\/\/nsimshop.pl\/wp-content\/uploads\/2025\/02\/Seq_Desk-Mount-600x504.webp 600w, https:\/\/nsimshop.pl\/wp-content\/uploads\/2025\/02\/Seq_Desk-Mount.webp 1278w\" sizes=\"auto, (max-width: 500px) 100vw, 500px\" \/><\/p>\n<\/div>\n<\/div>\n<\/div>\n<div class=\"mpof_ki myre_zn myre_8v_l m389_6m_l\">\n<div class=\"mp4t_16_s mryx_16_s mr3m_1 mli2_1 mh85_56 mh85_0_l\">\n<div class=\"mgn2_16 _0d3bd_am0a-\">\n<p><b>Regulacja oporu<\/b><\/p>\n<p>Shifter wyposa\u017cony jest w mo\u017cliwo\u015b\u0107 regulacji oporu zmiany bieg\u00f3w, co pozwala na dostosowanie go do indywidualnych preferencji u\u017cytkownika. Regulacja odbywa si\u0119 za pomoc\u0105 \u015bruby (imbus 3 mm) umieszczonej na spodzie urz\u0105dzenia.<\/p>\n<\/div>\n<\/div>\n<div class=\"mp4t_16_s mryx_16_s mr3m_1 mli2_1 mh85_56 mh85_0_l\">\n<div class=\"mg9e_8 mj7a_8 mg9e_0_s mvrt_0_s mj7a_0_s mh36_0_s mzmg_6m munh_16_l m3h2_16_l\">\n<div class=\"mp4t_0 mryx_0 munh_56 m3h2_56\">\n<div class=\"mp7g_oh\"><img loading=\"lazy\" decoding=\"async\" class=\"alignnone wp-image-586\" src=\"http:\/\/nsimshop.pl\/wp-content\/uploads\/2025\/02\/Seq_Regulacja-300x252.webp\" alt=\"\" width=\"500\" height=\"420\" srcset=\"https:\/\/nsimshop.pl\/wp-content\/uploads\/2025\/02\/Seq_Regulacja-300x252.webp 300w, https:\/\/nsimshop.pl\/wp-content\/uploads\/2025\/02\/Seq_Regulacja-1024x860.webp 1024w, https:\/\/nsimshop.pl\/wp-content\/uploads\/2025\/02\/Seq_Regulacja-768x645.webp 768w, https:\/\/nsimshop.pl\/wp-content\/uploads\/2025\/02\/Seq_Regulacja-400x336.webp 400w, https:\/\/nsimshop.pl\/wp-content\/uploads\/2025\/02\/Seq_Regulacja-600x504.webp 600w, https:\/\/nsimshop.pl\/wp-content\/uploads\/2025\/02\/Seq_Regulacja.webp 1278w\" sizes=\"auto, (max-width: 500px) 100vw, 500px\" \/><\/div>\n<\/div>\n<\/div>\n<\/div>\n<\/div>\n<div class=\"mpof_ki myre_zn myre_8v_l m389_6m_l\">\n<div class=\"mp4t_16_s mryx_16_s mr3m_1 mli2_1 mh85_56 mh85_0_l\">\n<div class=\"mgn2_16 _0d3bd_am0a-\">\n<p><b>Wymienna ga\u0142ka<\/b><\/p>\n<p>Je\u017celi nie spodoba Ci si\u0119 feeling ga\u0142ki, kt\u00f3ra oryginalnie jest w zestawie, bez problemu b\u0119dziesz m\u00f3g\u0142 zamontowa\u0107 inn\u0105 z gwintem M8, wymiana jest bardzo prosta, zajmie maksymalnie 20 sekund.<\/p>\n<p><img loading=\"lazy\" decoding=\"async\" class=\"alignnone wp-image-584\" src=\"http:\/\/nsimshop.pl\/wp-content\/uploads\/2025\/02\/Seq_Knob-300x252.webp\" alt=\"\" width=\"500\" height=\"420\" srcset=\"https:\/\/nsimshop.pl\/wp-content\/uploads\/2025\/02\/Seq_Knob-300x252.webp 300w, https:\/\/nsimshop.pl\/wp-content\/uploads\/2025\/02\/Seq_Knob-1024x860.webp 1024w, https:\/\/nsimshop.pl\/wp-content\/uploads\/2025\/02\/Seq_Knob-768x645.webp 768w, https:\/\/nsimshop.pl\/wp-content\/uploads\/2025\/02\/Seq_Knob-400x336.webp 400w, https:\/\/nsimshop.pl\/wp-content\/uploads\/2025\/02\/Seq_Knob-600x504.webp 600w, https:\/\/nsimshop.pl\/wp-content\/uploads\/2025\/02\/Seq_Knob.webp 1278w\" sizes=\"auto, (max-width: 500px) 100vw, 500px\" \/><\/p>\n<\/div>\n<\/div>\n<\/div>\n<div class=\"mpof_ki myre_zn myre_8v_l m389_6m_l\">\n<div class=\"mp4t_16_s mryx_16_s mr3m_1 mli2_1 mh85_56 mh85_0_l\">\n<div class=\"mgn2_16 _0d3bd_am0a-\">\n<p><b>Czujnik Halla<\/b><\/p>\n<p>Czujnik Halla zastosowany w skrzynii zapewnia wysok\u0105 precyzj\u0119 i niezawodno\u015b\u0107 dzia\u0142ania. Dzi\u0119ki bezstykowej technologii, czujnik rejestruje po\u0142o\u017cenie d\u017awigni z du\u017c\u0105 dok\u0142adno\u015bci\u0105, eliminuj\u0105c zu\u017cycie mechaniczne i zwi\u0119kszaj\u0105c trwa\u0142o\u015b\u0107 urz\u0105dzenia.<\/p>\n<\/div>\n<\/div>\n<div class=\"mp4t_16_s mryx_16_s mr3m_1 mli2_1 mh85_56 mh85_0_l\">\n<div class=\"mg9e_8 mj7a_8 mg9e_0_s mvrt_0_s mj7a_0_s mh36_0_s mzmg_6m munh_16_l m3h2_16_l\">\n<div class=\"mp4t_0 mryx_0 munh_56 m3h2_56\">\n<div class=\"mp7g_oh\"><img loading=\"lazy\" decoding=\"async\" class=\"alignnone wp-image-582\" src=\"http:\/\/nsimshop.pl\/wp-content\/uploads\/2025\/02\/Hall-Sensor-1-300x252.webp\" alt=\"\" width=\"500\" height=\"420\" srcset=\"https:\/\/nsimshop.pl\/wp-content\/uploads\/2025\/02\/Hall-Sensor-1-300x252.webp 300w, https:\/\/nsimshop.pl\/wp-content\/uploads\/2025\/02\/Hall-Sensor-1-1024x860.webp 1024w, https:\/\/nsimshop.pl\/wp-content\/uploads\/2025\/02\/Hall-Sensor-1-768x645.webp 768w, https:\/\/nsimshop.pl\/wp-content\/uploads\/2025\/02\/Hall-Sensor-1-400x336.webp 400w, https:\/\/nsimshop.pl\/wp-content\/uploads\/2025\/02\/Hall-Sensor-1-600x504.webp 600w, https:\/\/nsimshop.pl\/wp-content\/uploads\/2025\/02\/Hall-Sensor-1.webp 1278w\" sizes=\"auto, (max-width: 500px) 100vw, 500px\" \/><\/div>\n<\/div>\n<\/div>\n<\/div>\n<\/div>\n<div class=\"mpof_ki myre_zn myre_8v_l m389_6m_l\">\n<div class=\"mp4t_16_s mryx_16_s mr3m_1 mli2_1 mh85_56 mh85_0_l\">\n<div class=\"mgn2_16 _0d3bd_am0a-\">\n<p><b>Kompatybilno\u015b\u0107<\/b><\/p>\n<p>Shifter jest kompatybilny tylko z komputerem, po pod\u0142\u0105czeniu od razu wykrywany jest jako urz\u0105dzenie o nazwie &#8222;Sequential&#8221; i mo\u017cna od razu przej\u015b\u0107 do gry.<\/p>\n<p>Skrzynia b\u0119dzie wsp\u00f3\u0142pracowa\u0107 z wi\u0119kszo\u015bci\u0105 gier na PC takich jak Assetto Corsa, FH5, Dirt Rally&#8230; . Kabel USB ma d\u0142ugo\u015b\u0107 1.8 metra.<\/p>\n<p>Urz\u0105dzenie mo\u017cna zamocowa\u0107 do blatu, maksymalna grubo\u015b\u0107 blatu to 5cm, lub do riga za pomoc\u0105 dw\u00f3ch \u015brub M5 o rozstawie 50mm (d\u0142ugo\u015b\u0107 \u015bruby to 25mm + grubo\u015b\u0107 elementu, do kt\u00f3rego mocujemy).<\/p>\n<\/div>\n<\/div>\n<p><img loading=\"lazy\" decoding=\"async\" class=\"alignnone wp-image-583\" src=\"http:\/\/nsimshop.pl\/wp-content\/uploads\/2025\/02\/Seq_Desk-Mount-300x252.webp\" alt=\"\" width=\"596\" height=\"500\" srcset=\"https:\/\/nsimshop.pl\/wp-content\/uploads\/2025\/02\/Seq_Desk-Mount-300x252.webp 300w, https:\/\/nsimshop.pl\/wp-content\/uploads\/2025\/02\/Seq_Desk-Mount-1024x860.webp 1024w, https:\/\/nsimshop.pl\/wp-content\/uploads\/2025\/02\/Seq_Desk-Mount-768x645.webp 768w, https:\/\/nsimshop.pl\/wp-content\/uploads\/2025\/02\/Seq_Desk-Mount-400x336.webp 400w, https:\/\/nsimshop.pl\/wp-content\/uploads\/2025\/02\/Seq_Desk-Mount-600x504.webp 600w, https:\/\/nsimshop.pl\/wp-content\/uploads\/2025\/02\/Seq_Desk-Mount.webp 1278w\" sizes=\"auto, (max-width: 596px) 100vw, 596px\" \/><img loading=\"lazy\" decoding=\"async\" class=\"alignnone wp-image-591\" src=\"http:\/\/nsimshop.pl\/wp-content\/uploads\/2025\/02\/Screw-Mount-300x252.webp\" alt=\"\" width=\"596\" height=\"500\" srcset=\"https:\/\/nsimshop.pl\/wp-content\/uploads\/2025\/02\/Screw-Mount-300x252.webp 300w, https:\/\/nsimshop.pl\/wp-content\/uploads\/2025\/02\/Screw-Mount-1024x860.webp 1024w, https:\/\/nsimshop.pl\/wp-content\/uploads\/2025\/02\/Screw-Mount-768x645.webp 768w, https:\/\/nsimshop.pl\/wp-content\/uploads\/2025\/02\/Screw-Mount-400x336.webp 400w, https:\/\/nsimshop.pl\/wp-content\/uploads\/2025\/02\/Screw-Mount-600x504.webp 600w, https:\/\/nsimshop.pl\/wp-content\/uploads\/2025\/02\/Screw-Mount.webp 1278w\" sizes=\"auto, (max-width: 596px) 100vw, 596px\" \/><\/p>\n<\/div>\n<p>Film z prezentacji shiftera:<\/p>\n<div class=\"ast-oembed-container \" style=\"height: 100%;\"><iframe loading=\"lazy\" title=\"Sequential Shifter PC\" width=\"500\" height=\"281\" src=\"https:\/\/www.youtube.com\/embed\/6aM154oO3q8?feature=oembed\" frameborder=\"0\" allow=\"accelerometer; autoplay; clipboard-write; encrypted-media; gyroscope; picture-in-picture; web-share\" referrerpolicy=\"strict-origin-when-cross-origin\" allowfullscreen><\/iframe><\/div>\n","protected":false},"excerpt":{"rendered":"<p class=\"mp4t_0 mryx_0 mj7a_4 mvrt_8 mp0t_ji m9qz_yo munh_0 mqu1_1j mgmw_wo mgn2_21 mgn2_25_s\">Skrzynia Sekwencyjna Shifter USB PC czujnik Halla NSIM<\/p>\n<div class=\"mpof_z0 mpof_ki_l m3h2_24_s\"><\/div>\n","protected":false},"featured_media":585,"comment_status":"open","ping_status":"closed","template":"","meta":{"site-sidebar-layout":"default","site-content-layout":"","ast-site-content-layout":"default","site-content-style":"default","site-sidebar-style":"default","ast-global-header-display":"","ast-banner-title-visibility":"","ast-main-header-display":"","ast-hfb-above-header-display":"","ast-hfb-below-header-display":"","ast-hfb-mobile-header-display":"","site-post-title":"","ast-breadcrumbs-content":"","ast-featured-img":"","footer-sml-layout":"","ast-disable-related-posts":"","theme-transparent-header-meta":"default","adv-header-id-meta":"","stick-header-meta":"","header-above-stick-meta":"","header-main-stick-meta":"","header-below-stick-meta":"","astra-migrate-meta-layouts":"set","ast-page-background-enabled":"default","ast-page-background-meta":{"desktop":{"background-color":"var(--ast-global-color-5)","background-image":"","background-repeat":"repeat","background-position":"center center","background-size":"auto","background-attachment":"scroll","background-type":"","background-media":"","overlay-type":"","overlay-color":"","overlay-opacity":"","overlay-gradient":""},"tablet":{"background-color":"","background-image":"","background-repeat":"repeat","background-position":"center center","background-size":"auto","background-attachment":"scroll","background-type":"","background-media":"","overlay-type":"","overlay-color":"","overlay-opacity":"","overlay-gradient":""},"mobile":{"background-color":"","background-image":"","background-repeat":"repeat","background-position":"center center","background-size":"auto","background-attachment":"scroll","background-type":"","background-media":"","overlay-type":"","overlay-color":"","overlay-opacity":"","overlay-gradient":""}},"ast-content-background-meta":{"desktop":{"background-color":"var(--ast-global-color-4)","background-image":"","background-repeat":"repeat","background-position":"center center","background-size":"auto","background-attachment":"scroll","background-type":"","background-media":"","overlay-type":"","overlay-color":"","overlay-opacity":"","overlay-gradient":""},"tablet":{"background-color":"var(--ast-global-color-4)","background-image":"","background-repeat":"repeat","background-position":"center center","background-size":"auto","background-attachment":"scroll","background-type":"","background-media":"","overlay-type":"","overlay-color":"","overlay-opacity":"","overlay-gradient":""},"mobile":{"background-color":"var(--ast-global-color-4)","background-image":"","background-repeat":"repeat","background-position":"center center","background-size":"auto","background-attachment":"scroll","background-type":"","background-media":"","overlay-type":"","overlay-color":"","overlay-opacity":"","overlay-gradient":""}}},"product_brand":[22],"product_cat":[21],"product_tag":[],"class_list":{"0":"post-186","1":"product","2":"type-product","3":"status-publish","4":"has-post-thumbnail","6":"product_brand-nsim","7":"product_cat-sim-racing","8":"desktop-align-center","9":"tablet-align-center","10":"mobile-align-center","12":"first","13":"instock","14":"shipping-taxable","15":"purchasable","16":"product-type-simple"},"jetpack_sharing_enabled":true,"_links":{"self":[{"href":"https:\/\/nsimshop.pl\/index.php\/wp-json\/wp\/v2\/product\/186","targetHints":{"allow":["GET"]}}],"collection":[{"href":"https:\/\/nsimshop.pl\/index.php\/wp-json\/wp\/v2\/product"}],"about":[{"href":"https:\/\/nsimshop.pl\/index.php\/wp-json\/wp\/v2\/types\/product"}],"replies":[{"embeddable":true,"href":"https:\/\/nsimshop.pl\/index.php\/wp-json\/wp\/v2\/comments?post=186"}],"wp:featuredmedia":[{"embeddable":true,"href":"https:\/\/nsimshop.pl\/index.php\/wp-json\/wp\/v2\/media\/585"}],"wp:attachment":[{"href":"https:\/\/nsimshop.pl\/index.php\/wp-json\/wp\/v2\/media?parent=186"}],"wp:term":[{"taxonomy":"product_brand","embeddable":true,"href":"https:\/\/nsimshop.pl\/index.php\/wp-json\/wp\/v2\/product_brand?post=186"},{"taxonomy":"product_cat","embeddable":true,"href":"https:\/\/nsimshop.pl\/index.php\/wp-json\/wp\/v2\/product_cat?post=186"},{"taxonomy":"product_tag","embeddable":true,"href":"https:\/\/nsimshop.pl\/index.php\/wp-json\/wp\/v2\/product_tag?post=186"}],"curies":[{"name":"wp","href":"https:\/\/api.w.org\/{rel}","templated":true}]}}