{"id":185,"date":"2025-02-10T00:27:39","date_gmt":"2025-02-10T00:27:39","guid":{"rendered":"https:\/\/nsimshop.pl\/?post_type=product&#038;p=185"},"modified":"2026-03-21T14:34:03","modified_gmt":"2026-03-21T14:34:03","slug":"hamulec-reczny-hydrolapa-nsim-pc","status":"publish","type":"product","link":"https:\/\/nsimshop.pl\/index.php\/produkt\/hamulec-reczny-hydrolapa-nsim-pc\/","title":{"rendered":"Hamulec r\u0119czny Hydro\u0142apa NSIM PC"},"content":{"rendered":"<div class=\"mpof_ki myre_zn myre_8v_l m389_6m_l\">\n<div class=\"mp4t_16_s mryx_16_s mr3m_1 mli2_1 mh85_56 mh85_0_l\">\n<div class=\"mgn2_16 _0d3bd_am0a-\"><b data-path-to-node=\"2\" data-index-in-node=\"0\">Analogowy Hamulec R\u0119czny do Symulatora (Drift \/ Rajdy)<\/b><\/div>\n<div class=\"mgn2_16 _0d3bd_am0a-\">Solidny i precyzyjny hamulec r\u0119czny stworzony z my\u015bl\u0105 o wirtualnym motorsporcie. Idealny do kontrolowanych po\u015blizg\u00f3w i szybkiego pokonywania zakr\u0119t\u00f3w. Zaprojektowany tak, aby wytrzyma\u0107 najd\u0142u\u017csze i najbardziej dynamiczne sesje.<\/div>\n<div><\/div>\n<div>\n<p><b>Realistyczny op\u00f3r (3.7 kg):<\/b><\/p>\n<p>Wyczuwalny op\u00f3r oparty na solidnej spr\u0119\u017cynie (drut 2 mm) gwarantuje \u015bwietn\u0105 kontrol\u0119 nad autem.<\/p>\n<p><b>Wytrzyma\u0142y materia\u0142 (PETG):<\/b><\/p>\n<p>Solidny wydruk 3D z PETG. Sztywna konstrukcja bez problemu znosi d\u0142ugie i dynamiczne sesje.<\/p>\n<\/div>\n<\/div>\n<\/div>\n<div class=\"mpof_ki myre_zn myre_8v_l m389_6m_l\">\n<div class=\"mp4t_16_s mryx_16_s mr3m_1 mli2_1 mh85_56 mh85_0_l\">\n<div class=\"mgn2_16 _0d3bd_am0a-\">\n<div class=\"mpof_ki myre_zn myre_8v_l m389_6m_l\">\n<div class=\"mp4t_16_s mryx_16_s mr3m_1 mli2_1 mh85_56 mh85_0_l\">\n<div class=\"mgn2_16 _0d3bd_am0a-\">\n<p><img loading=\"lazy\" decoding=\"async\" class=\"alignnone wp-image-909\" src=\"http:\/\/nsimshop.pl\/wp-content\/uploads\/2025\/02\/Handbrake_V.3_Hall_2026-Feb-11_06-30-48PM-000_CustomizedView1727287140-300x300.webp\" alt=\"\" width=\"497\" height=\"497\" srcset=\"https:\/\/nsimshop.pl\/wp-content\/uploads\/2025\/02\/Handbrake_V.3_Hall_2026-Feb-11_06-30-48PM-000_CustomizedView1727287140-300x300.webp 300w, https:\/\/nsimshop.pl\/wp-content\/uploads\/2025\/02\/Handbrake_V.3_Hall_2026-Feb-11_06-30-48PM-000_CustomizedView1727287140-1024x1024.webp 1024w, https:\/\/nsimshop.pl\/wp-content\/uploads\/2025\/02\/Handbrake_V.3_Hall_2026-Feb-11_06-30-48PM-000_CustomizedView1727287140-150x150.webp 150w, https:\/\/nsimshop.pl\/wp-content\/uploads\/2025\/02\/Handbrake_V.3_Hall_2026-Feb-11_06-30-48PM-000_CustomizedView1727287140-768x768.webp 768w, https:\/\/nsimshop.pl\/wp-content\/uploads\/2025\/02\/Handbrake_V.3_Hall_2026-Feb-11_06-30-48PM-000_CustomizedView1727287140-1536x1536.webp 1536w, https:\/\/nsimshop.pl\/wp-content\/uploads\/2025\/02\/Handbrake_V.3_Hall_2026-Feb-11_06-30-48PM-000_CustomizedView1727287140-400x400.webp 400w, https:\/\/nsimshop.pl\/wp-content\/uploads\/2025\/02\/Handbrake_V.3_Hall_2026-Feb-11_06-30-48PM-000_CustomizedView1727287140-600x600.webp 600w, https:\/\/nsimshop.pl\/wp-content\/uploads\/2025\/02\/Handbrake_V.3_Hall_2026-Feb-11_06-30-48PM-000_CustomizedView1727287140-100x100.webp 100w, https:\/\/nsimshop.pl\/wp-content\/uploads\/2025\/02\/Handbrake_V.3_Hall_2026-Feb-11_06-30-48PM-000_CustomizedView1727287140.webp 2000w\" sizes=\"auto, (max-width: 497px) 100vw, 497px\" \/><\/p>\n<p data-path-to-node=\"5,0,0\"><b data-path-to-node=\"5,0,0\" data-index-in-node=\"0\">Technologia Halla:<\/b>\u00a0Bezkontaktowy czujnik zapewnia maksymaln\u0105 precyzj\u0119, p\u0142ynno\u015b\u0107 i bezawaryjno\u015b\u0107 na lata.<\/p>\n<p data-path-to-node=\"5,1,0\"><b data-path-to-node=\"5,1,0\" data-index-in-node=\"0\">Pe\u0142ny analog:<\/b>\u00a0Si\u0142a zaci\u0105gni\u0119cia d\u017awigni bezpo\u015brednio przek\u0142ada si\u0119 na si\u0142\u0119 hamowania w grze (mo\u017cliwo\u015b\u0107 ustawienia jako zwyk\u0142y przycisk w starszych grach).<\/p>\n<\/div>\n<\/div>\n<\/div>\n<div class=\"mpof_ki myre_zn myre_8v_l m389_6m_l\">\n<div class=\"mp4t_16_s mryx_16_s mr3m_1 mli2_1 mh85_56 mh85_0_l\">\n<div class=\"mgn2_16 _0d3bd_am0a-\">\n<p><img loading=\"lazy\" decoding=\"async\" class=\"wp-image-593 alignnone\" style=\"font-style: inherit; font-weight: inherit;\" src=\"http:\/\/nsimshop.pl\/wp-content\/uploads\/2025\/02\/Hall-Sensor-2-300x252.webp\" alt=\"\" width=\"499\" height=\"419\" srcset=\"https:\/\/nsimshop.pl\/wp-content\/uploads\/2025\/02\/Hall-Sensor-2-300x252.webp 300w, https:\/\/nsimshop.pl\/wp-content\/uploads\/2025\/02\/Hall-Sensor-2-1024x860.webp 1024w, https:\/\/nsimshop.pl\/wp-content\/uploads\/2025\/02\/Hall-Sensor-2-768x645.webp 768w, https:\/\/nsimshop.pl\/wp-content\/uploads\/2025\/02\/Hall-Sensor-2-400x336.webp 400w, https:\/\/nsimshop.pl\/wp-content\/uploads\/2025\/02\/Hall-Sensor-2-600x504.webp 600w, https:\/\/nsimshop.pl\/wp-content\/uploads\/2025\/02\/Hall-Sensor-2.webp 1278w\" sizes=\"auto, (max-width: 499px) 100vw, 499px\" \/><\/p>\n<p><b>Wymienna ga\u0142ka:<\/b>\u00a0Standardowy gwint M8 pozwala na szybk\u0105 (ok. 20 sekund) wymian\u0119 ga\u0142ki na dowoln\u0105 inn\u0105.<\/p>\n<\/div>\n<\/div>\n<\/div>\n<div class=\"mpof_ki myre_zn myre_8v_l m389_6m_l\">\n<div class=\"mp4t_16_s mryx_16_s mr3m_1 mli2_1 mh85_56 mh85_0_l\">\n<div class=\"mgn2_16 _0d3bd_am0a-\">\n<p><img loading=\"lazy\" decoding=\"async\" class=\"alignnone wp-image-908\" style=\"font-style: inherit; font-weight: inherit;\" src=\"http:\/\/nsimshop.pl\/wp-content\/uploads\/2025\/02\/Handbrake_V.3_Hall_2026-Feb-11_07-24-54PM-000_CustomizedView6098348206-300x300.webp\" alt=\"\" width=\"500\" height=\"500\" srcset=\"https:\/\/nsimshop.pl\/wp-content\/uploads\/2025\/02\/Handbrake_V.3_Hall_2026-Feb-11_07-24-54PM-000_CustomizedView6098348206-300x300.webp 300w, https:\/\/nsimshop.pl\/wp-content\/uploads\/2025\/02\/Handbrake_V.3_Hall_2026-Feb-11_07-24-54PM-000_CustomizedView6098348206-1024x1024.webp 1024w, https:\/\/nsimshop.pl\/wp-content\/uploads\/2025\/02\/Handbrake_V.3_Hall_2026-Feb-11_07-24-54PM-000_CustomizedView6098348206-150x150.webp 150w, https:\/\/nsimshop.pl\/wp-content\/uploads\/2025\/02\/Handbrake_V.3_Hall_2026-Feb-11_07-24-54PM-000_CustomizedView6098348206-768x768.webp 768w, https:\/\/nsimshop.pl\/wp-content\/uploads\/2025\/02\/Handbrake_V.3_Hall_2026-Feb-11_07-24-54PM-000_CustomizedView6098348206-1536x1536.webp 1536w, https:\/\/nsimshop.pl\/wp-content\/uploads\/2025\/02\/Handbrake_V.3_Hall_2026-Feb-11_07-24-54PM-000_CustomizedView6098348206-400x400.webp 400w, https:\/\/nsimshop.pl\/wp-content\/uploads\/2025\/02\/Handbrake_V.3_Hall_2026-Feb-11_07-24-54PM-000_CustomizedView6098348206-600x600.webp 600w, https:\/\/nsimshop.pl\/wp-content\/uploads\/2025\/02\/Handbrake_V.3_Hall_2026-Feb-11_07-24-54PM-000_CustomizedView6098348206-100x100.webp 100w, https:\/\/nsimshop.pl\/wp-content\/uploads\/2025\/02\/Handbrake_V.3_Hall_2026-Feb-11_07-24-54PM-000_CustomizedView6098348206.webp 2000w\" sizes=\"auto, (max-width: 500px) 100vw, 500px\" \/><\/p>\n<p><b>\u0141atwy monta\u017c:<\/b>\u00a0Zintegrowany uchwyt pozwala na stabilne mocowanie do biurka lub blatu o grubo\u015bci do 5 cm.<\/p>\n<p><b>Plug &amp; Play:<\/b>\u00a0Dzia\u0142a wy\u0142\u0105cznie z PC. Po pod\u0142\u0105czeniu kablem USB (1.8 m) system od razu widzi go jako &#8222;Handbrake&#8221; \u2013 zero dodatkowych sterownik\u00f3w.<\/p>\n<\/div>\n<\/div>\n<\/div>\n<div class=\"mpof_ki myre_zn myre_8v_l m389_6m_l\">\n<div class=\"mp4t_16_s mryx_16_s mr3m_1 mli2_1 mh85_56 mh85_0_l\">\n<div class=\"mgn2_16 _0d3bd_am0a-\">\n<p><img loading=\"lazy\" decoding=\"async\" class=\"alignnone wp-image-910\" style=\"font-style: inherit; font-weight: inherit;\" src=\"http:\/\/nsimshop.pl\/wp-content\/uploads\/2025\/02\/Handbrake_V.3_Hall_2026-Feb-11_06-57-20PM-000_CustomizedView4003255310-300x300.webp\" alt=\"\" width=\"501\" height=\"501\" srcset=\"https:\/\/nsimshop.pl\/wp-content\/uploads\/2025\/02\/Handbrake_V.3_Hall_2026-Feb-11_06-57-20PM-000_CustomizedView4003255310-300x300.webp 300w, https:\/\/nsimshop.pl\/wp-content\/uploads\/2025\/02\/Handbrake_V.3_Hall_2026-Feb-11_06-57-20PM-000_CustomizedView4003255310-1024x1024.webp 1024w, https:\/\/nsimshop.pl\/wp-content\/uploads\/2025\/02\/Handbrake_V.3_Hall_2026-Feb-11_06-57-20PM-000_CustomizedView4003255310-150x150.webp 150w, https:\/\/nsimshop.pl\/wp-content\/uploads\/2025\/02\/Handbrake_V.3_Hall_2026-Feb-11_06-57-20PM-000_CustomizedView4003255310-768x768.webp 768w, https:\/\/nsimshop.pl\/wp-content\/uploads\/2025\/02\/Handbrake_V.3_Hall_2026-Feb-11_06-57-20PM-000_CustomizedView4003255310-1536x1536.webp 1536w, https:\/\/nsimshop.pl\/wp-content\/uploads\/2025\/02\/Handbrake_V.3_Hall_2026-Feb-11_06-57-20PM-000_CustomizedView4003255310-400x400.webp 400w, https:\/\/nsimshop.pl\/wp-content\/uploads\/2025\/02\/Handbrake_V.3_Hall_2026-Feb-11_06-57-20PM-000_CustomizedView4003255310-600x600.webp 600w, https:\/\/nsimshop.pl\/wp-content\/uploads\/2025\/02\/Handbrake_V.3_Hall_2026-Feb-11_06-57-20PM-000_CustomizedView4003255310-100x100.webp 100w, https:\/\/nsimshop.pl\/wp-content\/uploads\/2025\/02\/Handbrake_V.3_Hall_2026-Feb-11_06-57-20PM-000_CustomizedView4003255310.webp 2000w\" sizes=\"auto, (max-width: 501px) 100vw, 501px\" \/><\/p>\n<\/div>\n<\/div>\n<\/div>\n<div class=\"mpof_ki myre_zn myre_8v_l m389_6m_l\">\n<div class=\"mp4t_16_s mryx_16_s mr3m_1 mli2_1 mh85_56 mh85_0_l\">\n<div class=\"mgn2_16 _0d3bd_am0a-\">\n<p><b>Zobacz hamulec w akcji!<\/b><\/p>\n<p>Kr\u00f3tki film prezentuj\u0105cy dzia\u0142anie hamulca znajdziesz poni\u017cej.<\/p>\n<\/div>\n<\/div>\n<\/div>\n<\/div>\n<div class=\"ast-oembed-container \" style=\"height: 100%;\"><iframe loading=\"lazy\" title=\"Handbrake PC Hall Sensor\" width=\"422\" height=\"750\" src=\"https:\/\/www.youtube.com\/embed\/TTDQTOahi5c?feature=oembed\" frameborder=\"0\" allow=\"accelerometer; autoplay; clipboard-write; encrypted-media; gyroscope; picture-in-picture; web-share\" referrerpolicy=\"strict-origin-when-cross-origin\" allowfullscreen><\/iframe><\/div>\n<\/div>\n<\/div>\n","protected":false},"excerpt":{"rendered":"<p>Hamulec r\u0119czny USB Hydro\u0142apa na czujniku Halla NSIM PC<\/p>\n","protected":false},"featured_media":936,"comment_status":"open","ping_status":"closed","template":"","meta":{"site-sidebar-layout":"default","site-content-layout":"","ast-site-content-layout":"default","site-content-style":"default","site-sidebar-style":"default","ast-global-header-display":"","ast-banner-title-visibility":"","ast-main-header-display":"","ast-hfb-above-header-display":"","ast-hfb-below-header-display":"","ast-hfb-mobile-header-display":"","site-post-title":"","ast-breadcrumbs-content":"","ast-featured-img":"","footer-sml-layout":"","ast-disable-related-posts":"","theme-transparent-header-meta":"default","adv-header-id-meta":"","stick-header-meta":"","header-above-stick-meta":"","header-main-stick-meta":"","header-below-stick-meta":"","astra-migrate-meta-layouts":"set","ast-page-background-enabled":"default","ast-page-background-meta":{"desktop":{"background-color":"var(--ast-global-color-5)","background-image":"","background-repeat":"repeat","background-position":"center center","background-size":"auto","background-attachment":"scroll","background-type":"","background-media":"","overlay-type":"","overlay-color":"","overlay-opacity":"","overlay-gradient":""},"tablet":{"background-color":"","background-image":"","background-repeat":"repeat","background-position":"center center","background-size":"auto","background-attachment":"scroll","background-type":"","background-media":"","overlay-type":"","overlay-color":"","overlay-opacity":"","overlay-gradient":""},"mobile":{"background-color":"","background-image":"","background-repeat":"repeat","background-position":"center center","background-size":"auto","background-attachment":"scroll","background-type":"","background-media":"","overlay-type":"","overlay-color":"","overlay-opacity":"","overlay-gradient":""}},"ast-content-background-meta":{"desktop":{"background-color":"var(--ast-global-color-4)","background-image":"","background-repeat":"repeat","background-position":"center center","background-size":"auto","background-attachment":"scroll","background-type":"","background-media":"","overlay-type":"","overlay-color":"","overlay-opacity":"","overlay-gradient":""},"tablet":{"background-color":"var(--ast-global-color-4)","background-image":"","background-repeat":"repeat","background-position":"center center","background-size":"auto","background-attachment":"scroll","background-type":"","background-media":"","overlay-type":"","overlay-color":"","overlay-opacity":"","overlay-gradient":""},"mobile":{"background-color":"var(--ast-global-color-4)","background-image":"","background-repeat":"repeat","background-position":"center center","background-size":"auto","background-attachment":"scroll","background-type":"","background-media":"","overlay-type":"","overlay-color":"","overlay-opacity":"","overlay-gradient":""}}},"product_brand":[22],"product_cat":[21],"product_tag":[],"class_list":{"0":"post-185","1":"product","2":"type-product","3":"status-publish","4":"has-post-thumbnail","6":"product_brand-nsim","7":"product_cat-sim-racing","8":"desktop-align-center","9":"tablet-align-center","10":"mobile-align-center","12":"first","13":"instock","14":"shipping-taxable","15":"purchasable","16":"product-type-simple"},"jetpack_sharing_enabled":true,"_links":{"self":[{"href":"https:\/\/nsimshop.pl\/index.php\/wp-json\/wp\/v2\/product\/185","targetHints":{"allow":["GET"]}}],"collection":[{"href":"https:\/\/nsimshop.pl\/index.php\/wp-json\/wp\/v2\/product"}],"about":[{"href":"https:\/\/nsimshop.pl\/index.php\/wp-json\/wp\/v2\/types\/product"}],"replies":[{"embeddable":true,"href":"https:\/\/nsimshop.pl\/index.php\/wp-json\/wp\/v2\/comments?post=185"}],"wp:featuredmedia":[{"embeddable":true,"href":"https:\/\/nsimshop.pl\/index.php\/wp-json\/wp\/v2\/media\/936"}],"wp:attachment":[{"href":"https:\/\/nsimshop.pl\/index.php\/wp-json\/wp\/v2\/media?parent=185"}],"wp:term":[{"taxonomy":"product_brand","embeddable":true,"href":"https:\/\/nsimshop.pl\/index.php\/wp-json\/wp\/v2\/product_brand?post=185"},{"taxonomy":"product_cat","embeddable":true,"href":"https:\/\/nsimshop.pl\/index.php\/wp-json\/wp\/v2\/product_cat?post=185"},{"taxonomy":"product_tag","embeddable":true,"href":"https:\/\/nsimshop.pl\/index.php\/wp-json\/wp\/v2\/product_tag?post=185"}],"curies":[{"name":"wp","href":"https:\/\/api.w.org\/{rel}","templated":true}]}}