{"id":101,"date":"2025-02-05T00:06:13","date_gmt":"2025-02-05T00:06:13","guid":{"rendered":"https:\/\/nsimshop.pl\/?post_type=product&#038;p=101"},"modified":"2025-09-10T00:57:43","modified_gmt":"2025-09-10T00:57:43","slug":"shifter-h-seq-uklad-bmw-nsim","status":"publish","type":"product","link":"https:\/\/nsimshop.pl\/index.php\/produkt\/shifter-h-seq-uklad-bmw-nsim\/","title":{"rendered":"Shifter H\/Seq uk\u0142ad BMW NSIM"},"content":{"rendered":"<div class=\"mpof_ki myre_zn myre_8v_l m389_6m_l\">\n<div class=\"mp4t_16_s mryx_16_s mr3m_1 mli2_1 mh85_56 mh85_0_l\">\n<div class=\"mgn2_16 _0d3bd_am0a-\">\n<p><b>Shifter do Sim Racingu<\/b><\/p>\n<p>Wszechstronny i realistyczny shifter zaprojektowany z my\u015bl\u0105 o fanach symulator\u00f3w wy\u015bcigowych oraz ci\u0119\u017car\u00f3wek. Idealny dla graczy ceni\u0105cych\u00a0<b>precyzj\u0119, solidne wykonanie i pe\u0142n\u0105 immersj\u0119<\/b>.<\/p>\n<p>Urz\u0105dzenie dzia\u0142a jako\u00a0<b>osobne urz\u0105dzenie USB (plug &amp; play)<\/b>, co oznacza pe\u0142n\u0105\u00a0<b>kompatybilno\u015b\u0107 z dowoln\u0105 kierownic\u0105<\/b>\u00a0\u2013 niezale\u017cnie od producenta. \u015awietnie wsp\u00f3\u0142pracuje z zestawami takimi jak\u00a0<b>Thrustmaster, Logitech, Fanatec, Moza<\/b> i wieloma innymi.<\/p>\n<\/div>\n<p data-start=\"168\" data-end=\"209\"><strong data-start=\"168\" data-end=\"209\">Uk\u0142ad H wzorowany na BMW<\/strong><\/p>\n<p data-start=\"211\" data-end=\"477\">Shifter posiada klasyczny uk\u0142ad bieg\u00f3w inspirowany skrzyniami BMW \u2013 z biegiem wstecznym umieszczonym po lewej stronie.<\/p>\n<p data-start=\"211\" data-end=\"477\">Specjalnie zaprojektowane przesuni\u0119cie rowka prowadz\u0105cego bieg wsteczny skutecznie zapobiega przypadkowemu jego wbiciu podczas wrzucania jedynki.<\/p>\n<p data-start=\"211\" data-end=\"477\"><img loading=\"lazy\" decoding=\"async\" class=\"wp-image-600 alignnone\" src=\"http:\/\/nsimshop.pl\/wp-content\/uploads\/2025\/02\/BMW-Parts-300x300.webp\" alt=\"\" width=\"500\" height=\"500\" srcset=\"https:\/\/nsimshop.pl\/wp-content\/uploads\/2025\/02\/BMW-Parts-300x300.webp 300w, https:\/\/nsimshop.pl\/wp-content\/uploads\/2025\/02\/BMW-Parts-1024x1024.webp 1024w, https:\/\/nsimshop.pl\/wp-content\/uploads\/2025\/02\/BMW-Parts-150x150.webp 150w, https:\/\/nsimshop.pl\/wp-content\/uploads\/2025\/02\/BMW-Parts-768x768.webp 768w, https:\/\/nsimshop.pl\/wp-content\/uploads\/2025\/02\/BMW-Parts-1536x1536.webp 1536w, https:\/\/nsimshop.pl\/wp-content\/uploads\/2025\/02\/BMW-Parts-400x400.webp 400w, https:\/\/nsimshop.pl\/wp-content\/uploads\/2025\/02\/BMW-Parts-600x600.webp 600w, https:\/\/nsimshop.pl\/wp-content\/uploads\/2025\/02\/BMW-Parts-100x100.webp 100w, https:\/\/nsimshop.pl\/wp-content\/uploads\/2025\/02\/BMW-Parts.webp 2000w\" sizes=\"auto, (max-width: 500px) 100vw, 500px\" \/><\/p>\n<p><b>Dwa tryby pracy \u2013 manualny i sekwencyjny<\/b><\/p>\n<p>Shifter mo\u017ce dzia\u0142a\u0107 zar\u00f3wno w\u00a0<b>trybie manualnym<\/b>, jak i\u00a0<b>sekwencyjnym<\/b>. W zestawie znajduje si\u0119\u00a0<b>dodatkowy plastikowy element<\/b>, kt\u00f3ry umo\u017cliwia szybk\u0105 konwersj\u0119 na tryb sekwencyjny, oraz\u00a0<b>druga ga\u0142ka<\/b>, specjalnie przeznaczona do tego trybu.<\/p>\n<p><img loading=\"lazy\" decoding=\"async\" class=\"alignnone wp-image-602\" src=\"http:\/\/nsimshop.pl\/wp-content\/uploads\/2025\/02\/Seq-BMW-300x300.webp\" alt=\"\" width=\"500\" height=\"500\" srcset=\"https:\/\/nsimshop.pl\/wp-content\/uploads\/2025\/02\/Seq-BMW-300x300.webp 300w, https:\/\/nsimshop.pl\/wp-content\/uploads\/2025\/02\/Seq-BMW-1024x1024.webp 1024w, https:\/\/nsimshop.pl\/wp-content\/uploads\/2025\/02\/Seq-BMW-150x150.webp 150w, https:\/\/nsimshop.pl\/wp-content\/uploads\/2025\/02\/Seq-BMW-768x768.webp 768w, https:\/\/nsimshop.pl\/wp-content\/uploads\/2025\/02\/Seq-BMW-1536x1536.webp 1536w, https:\/\/nsimshop.pl\/wp-content\/uploads\/2025\/02\/Seq-BMW-400x400.webp 400w, https:\/\/nsimshop.pl\/wp-content\/uploads\/2025\/02\/Seq-BMW-600x600.webp 600w, https:\/\/nsimshop.pl\/wp-content\/uploads\/2025\/02\/Seq-BMW-100x100.webp 100w, https:\/\/nsimshop.pl\/wp-content\/uploads\/2025\/02\/Seq-BMW.webp 2000w\" sizes=\"auto, (max-width: 500px) 100vw, 500px\" \/><\/p>\n<\/div>\n<\/div>\n<p><b>Regulowany op\u00f3r<\/b><\/p>\n<p>Dzi\u0119ki prostemu systemowi regulacji od spodu urz\u0105dzenia, mo\u017cesz\u00a0<b>ustawi\u0107 op\u00f3r d\u017awigni wed\u0142ug w\u0142asnych preferencji<\/b>\u00a0\u2013 od lekkiego i szybkiego prze\u0142\u0105czania, po bardziej realistyczne, twarde zmiany bieg\u00f3w.<\/p>\n<p><img loading=\"lazy\" decoding=\"async\" class=\"alignnone wp-image-607\" src=\"http:\/\/nsimshop.pl\/wp-content\/uploads\/2025\/02\/Wrench_Adjust-1-300x300.webp\" alt=\"\" width=\"500\" height=\"500\" srcset=\"https:\/\/nsimshop.pl\/wp-content\/uploads\/2025\/02\/Wrench_Adjust-1-300x300.webp 300w, https:\/\/nsimshop.pl\/wp-content\/uploads\/2025\/02\/Wrench_Adjust-1-1024x1024.webp 1024w, https:\/\/nsimshop.pl\/wp-content\/uploads\/2025\/02\/Wrench_Adjust-1-150x150.webp 150w, https:\/\/nsimshop.pl\/wp-content\/uploads\/2025\/02\/Wrench_Adjust-1-768x768.webp 768w, https:\/\/nsimshop.pl\/wp-content\/uploads\/2025\/02\/Wrench_Adjust-1-1536x1536.webp 1536w, https:\/\/nsimshop.pl\/wp-content\/uploads\/2025\/02\/Wrench_Adjust-1-400x400.webp 400w, https:\/\/nsimshop.pl\/wp-content\/uploads\/2025\/02\/Wrench_Adjust-1-600x600.webp 600w, https:\/\/nsimshop.pl\/wp-content\/uploads\/2025\/02\/Wrench_Adjust-1-100x100.webp 100w, https:\/\/nsimshop.pl\/wp-content\/uploads\/2025\/02\/Wrench_Adjust-1.webp 2000w\" sizes=\"auto, (max-width: 500px) 100vw, 500px\" \/><\/p>\n<p><b>Trwa\u0142o\u015b\u0107 i precyzja \u2013 czujniki Halla<\/b><\/p>\n<p>Shifter oparty jest na\u00a0<b>bezkontaktowych czujnikach Halla<\/b>, kt\u00f3re charakteryzuj\u0105 si\u0119 wyj\u0105tkow\u0105 \u017cywotno\u015bci\u0105 i niezawodno\u015bci\u0105 \u2013 brak element\u00f3w zu\u017cywaj\u0105cych si\u0119 mechanicznie zapewnia\u00a0<b>wieloletni\u0105 prac\u0119 bez potrzeby serwisowania<\/b>.<\/p>\n<p><img loading=\"lazy\" decoding=\"async\" class=\"alignnone wp-image-606\" src=\"http:\/\/nsimshop.pl\/wp-content\/uploads\/2025\/02\/Hall-Sensor-3-300x252.webp\" alt=\"\" width=\"500\" height=\"420\" srcset=\"https:\/\/nsimshop.pl\/wp-content\/uploads\/2025\/02\/Hall-Sensor-3-300x252.webp 300w, https:\/\/nsimshop.pl\/wp-content\/uploads\/2025\/02\/Hall-Sensor-3-400x336.webp 400w, https:\/\/nsimshop.pl\/wp-content\/uploads\/2025\/02\/Hall-Sensor-3-600x504.webp 600w, https:\/\/nsimshop.pl\/wp-content\/uploads\/2025\/02\/Hall-Sensor-3.webp 720w\" sizes=\"auto, (max-width: 500px) 100vw, 500px\" \/><\/p>\n<p><b>Solidna konstrukcja<\/b><\/p>\n<ul>\n<li><b>Wszystkie elementy ruchome osadzone na \u0142o\u017cyskach<\/b>\u00a0\u2013 gwarantuj\u0105 p\u0142ynne i precyzyjne dzia\u0142anie<\/li>\n<li><b>Wytrzyma\u0142y stalowy szkielet<\/b>\u00a0\u2013 konstrukcja oparta na stalowych pr\u0119tach, skr\u0119cana \u015brubami<\/li>\n<li><b>Prowadnice z nylonu PA12<\/b>\u00a0\u2013 niezwykle odporny materia\u0142 techniczny, stosowany w przemy\u015ble<\/li>\n<\/ul>\n<p><img loading=\"lazy\" decoding=\"async\" class=\"alignnone wp-image-605\" src=\"http:\/\/nsimshop.pl\/wp-content\/uploads\/2025\/02\/Bearing-Guide-1-300x300.webp\" alt=\"\" width=\"500\" height=\"500\" srcset=\"https:\/\/nsimshop.pl\/wp-content\/uploads\/2025\/02\/Bearing-Guide-1-300x300.webp 300w, https:\/\/nsimshop.pl\/wp-content\/uploads\/2025\/02\/Bearing-Guide-1-1024x1024.webp 1024w, https:\/\/nsimshop.pl\/wp-content\/uploads\/2025\/02\/Bearing-Guide-1-150x150.webp 150w, https:\/\/nsimshop.pl\/wp-content\/uploads\/2025\/02\/Bearing-Guide-1-768x768.webp 768w, https:\/\/nsimshop.pl\/wp-content\/uploads\/2025\/02\/Bearing-Guide-1-1536x1536.webp 1536w, https:\/\/nsimshop.pl\/wp-content\/uploads\/2025\/02\/Bearing-Guide-1-400x400.webp 400w, https:\/\/nsimshop.pl\/wp-content\/uploads\/2025\/02\/Bearing-Guide-1-600x600.webp 600w, https:\/\/nsimshop.pl\/wp-content\/uploads\/2025\/02\/Bearing-Guide-1-100x100.webp 100w, https:\/\/nsimshop.pl\/wp-content\/uploads\/2025\/02\/Bearing-Guide-1.webp 2000w\" sizes=\"auto, (max-width: 500px) 100vw, 500px\" \/><\/p>\n<p><b>\u0141atwy monta\u017c \u2013 dwie opcje<\/b><\/p>\n<ul>\n<li><b>Zacisk do biurka<\/b>\u00a0(max. grubo\u015b\u0107 5 cm)<\/li>\n<li><b>Mocowanie do rig\u00f3w<\/b>\u00a0od spodu \u2013 za pomoc\u0105 dw\u00f3ch \u015brub M5 (rozstaw 60 mm)<\/li>\n<\/ul>\n<p><img loading=\"lazy\" decoding=\"async\" class=\"alignnone wp-image-601\" src=\"http:\/\/nsimshop.pl\/wp-content\/uploads\/2025\/02\/Manual-BMW-300x300.webp\" alt=\"\" width=\"400\" height=\"400\" srcset=\"https:\/\/nsimshop.pl\/wp-content\/uploads\/2025\/02\/Manual-BMW-300x300.webp 300w, https:\/\/nsimshop.pl\/wp-content\/uploads\/2025\/02\/Manual-BMW-1024x1024.webp 1024w, https:\/\/nsimshop.pl\/wp-content\/uploads\/2025\/02\/Manual-BMW-150x150.webp 150w, https:\/\/nsimshop.pl\/wp-content\/uploads\/2025\/02\/Manual-BMW-768x768.webp 768w, https:\/\/nsimshop.pl\/wp-content\/uploads\/2025\/02\/Manual-BMW-1536x1536.webp 1536w, https:\/\/nsimshop.pl\/wp-content\/uploads\/2025\/02\/Manual-BMW-400x400.webp 400w, https:\/\/nsimshop.pl\/wp-content\/uploads\/2025\/02\/Manual-BMW-600x600.webp 600w, https:\/\/nsimshop.pl\/wp-content\/uploads\/2025\/02\/Manual-BMW-100x100.webp 100w, https:\/\/nsimshop.pl\/wp-content\/uploads\/2025\/02\/Manual-BMW.webp 2000w\" sizes=\"auto, (max-width: 400px) 100vw, 400px\" \/><img loading=\"lazy\" decoding=\"async\" class=\"alignnone wp-image-536\" src=\"http:\/\/nsimshop.pl\/wp-content\/uploads\/2025\/02\/RigMount_7R-300x300.webp\" alt=\"\" width=\"400\" height=\"400\" srcset=\"https:\/\/nsimshop.pl\/wp-content\/uploads\/2025\/02\/RigMount_7R-300x300.webp 300w, https:\/\/nsimshop.pl\/wp-content\/uploads\/2025\/02\/RigMount_7R-1024x1024.webp 1024w, https:\/\/nsimshop.pl\/wp-content\/uploads\/2025\/02\/RigMount_7R-150x150.webp 150w, https:\/\/nsimshop.pl\/wp-content\/uploads\/2025\/02\/RigMount_7R-768x768.webp 768w, https:\/\/nsimshop.pl\/wp-content\/uploads\/2025\/02\/RigMount_7R-1536x1536.webp 1536w, https:\/\/nsimshop.pl\/wp-content\/uploads\/2025\/02\/RigMount_7R-400x400.webp 400w, https:\/\/nsimshop.pl\/wp-content\/uploads\/2025\/02\/RigMount_7R-600x600.webp 600w, https:\/\/nsimshop.pl\/wp-content\/uploads\/2025\/02\/RigMount_7R-100x100.webp 100w, https:\/\/nsimshop.pl\/wp-content\/uploads\/2025\/02\/RigMount_7R.webp 2000w\" sizes=\"auto, (max-width: 400px) 100vw, 400px\" \/><\/p>\n","protected":false},"excerpt":{"rendered":"<p>Shifter H\/Sekwencja uk\u0142ad BMW czujnik Halla PC<\/p>\n","protected":false},"featured_media":603,"comment_status":"open","ping_status":"closed","template":"","meta":{"site-sidebar-layout":"default","site-content-layout":"","ast-site-content-layout":"default","site-content-style":"default","site-sidebar-style":"default","ast-global-header-display":"","ast-banner-title-visibility":"","ast-main-header-display":"","ast-hfb-above-header-display":"","ast-hfb-below-header-display":"","ast-hfb-mobile-header-display":"","site-post-title":"","ast-breadcrumbs-content":"","ast-featured-img":"","footer-sml-layout":"","ast-disable-related-posts":"","theme-transparent-header-meta":"default","adv-header-id-meta":"","stick-header-meta":"","header-above-stick-meta":"","header-main-stick-meta":"","header-below-stick-meta":"","astra-migrate-meta-layouts":"set","ast-page-background-enabled":"default","ast-page-background-meta":{"desktop":{"background-color":"var(--ast-global-color-5)","background-image":"","background-repeat":"repeat","background-position":"center center","background-size":"auto","background-attachment":"scroll","background-type":"","background-media":"","overlay-type":"","overlay-color":"","overlay-opacity":"","overlay-gradient":""},"tablet":{"background-color":"","background-image":"","background-repeat":"repeat","background-position":"center center","background-size":"auto","background-attachment":"scroll","background-type":"","background-media":"","overlay-type":"","overlay-color":"","overlay-opacity":"","overlay-gradient":""},"mobile":{"background-color":"","background-image":"","background-repeat":"repeat","background-position":"center center","background-size":"auto","background-attachment":"scroll","background-type":"","background-media":"","overlay-type":"","overlay-color":"","overlay-opacity":"","overlay-gradient":""}},"ast-content-background-meta":{"desktop":{"background-color":"var(--ast-global-color-4)","background-image":"","background-repeat":"repeat","background-position":"center center","background-size":"auto","background-attachment":"scroll","background-type":"","background-media":"","overlay-type":"","overlay-color":"","overlay-opacity":"","overlay-gradient":""},"tablet":{"background-color":"var(--ast-global-color-4)","background-image":"","background-repeat":"repeat","background-position":"center center","background-size":"auto","background-attachment":"scroll","background-type":"","background-media":"","overlay-type":"","overlay-color":"","overlay-opacity":"","overlay-gradient":""},"mobile":{"background-color":"var(--ast-global-color-4)","background-image":"","background-repeat":"repeat","background-position":"center center","background-size":"auto","background-attachment":"scroll","background-type":"","background-media":"","overlay-type":"","overlay-color":"","overlay-opacity":"","overlay-gradient":""}}},"product_brand":[22],"product_cat":[21],"product_tag":[],"class_list":{"0":"post-101","1":"product","2":"type-product","3":"status-publish","4":"has-post-thumbnail","6":"product_brand-nsim","7":"product_cat-sim-racing","8":"desktop-align-center","9":"tablet-align-center","10":"mobile-align-center","12":"first","13":"instock","14":"shipping-taxable","15":"purchasable","16":"product-type-simple"},"jetpack_sharing_enabled":true,"_links":{"self":[{"href":"https:\/\/nsimshop.pl\/index.php\/wp-json\/wp\/v2\/product\/101","targetHints":{"allow":["GET"]}}],"collection":[{"href":"https:\/\/nsimshop.pl\/index.php\/wp-json\/wp\/v2\/product"}],"about":[{"href":"https:\/\/nsimshop.pl\/index.php\/wp-json\/wp\/v2\/types\/product"}],"replies":[{"embeddable":true,"href":"https:\/\/nsimshop.pl\/index.php\/wp-json\/wp\/v2\/comments?post=101"}],"wp:featuredmedia":[{"embeddable":true,"href":"https:\/\/nsimshop.pl\/index.php\/wp-json\/wp\/v2\/media\/603"}],"wp:attachment":[{"href":"https:\/\/nsimshop.pl\/index.php\/wp-json\/wp\/v2\/media?parent=101"}],"wp:term":[{"taxonomy":"product_brand","embeddable":true,"href":"https:\/\/nsimshop.pl\/index.php\/wp-json\/wp\/v2\/product_brand?post=101"},{"taxonomy":"product_cat","embeddable":true,"href":"https:\/\/nsimshop.pl\/index.php\/wp-json\/wp\/v2\/product_cat?post=101"},{"taxonomy":"product_tag","embeddable":true,"href":"https:\/\/nsimshop.pl\/index.php\/wp-json\/wp\/v2\/product_tag?post=101"}],"curies":[{"name":"wp","href":"https:\/\/api.w.org\/{rel}","templated":true}]}}